{"id":10865,"date":"2020-09-25T08:36:20","date_gmt":"2020-09-25T08:36:20","guid":{"rendered":"http:\/\/laurayerpes.com\/contacto\/"},"modified":"2025-07-14T00:35:08","modified_gmt":"2025-07-14T00:35:08","slug":"contacto","status":"publish","type":"page","link":"https:\/\/laurayerpes.com\/en\/contacto\/","title":{"rendered":"Contact"},"content":{"rendered":"<div class=\"wpb-content-wrapper\">[vc_row css=&#8221;.vc_custom_1746621067449{padding-top: 5% !important;padding-right: 5% !important;padding-bottom: 5% !important;padding-left: 5% !important;}&#8221;][vc_column][vc_row_inner gap=&#8221;35&#8243;][vc_column_inner width=&#8221;1\/2&#8243;][vc_single_image image=&#8221;18824&#8243; alignment=&#8221;center&#8221; css=&#8221;&#8221; img_size=&#8221;large&#8221;][\/vc_column_inner][vc_column_inner width=&#8221;1\/2&#8243;][vc_column_text css=&#8221;&#8221;]<img loading=\"lazy\" decoding=\"async\" class=\"wp-image-18851 aligncenter\" src=\"https:\/\/laurayerpes.com\/wp-content\/uploads\/2025\/05\/Laura-Yerpes-2.png\" alt=\"\" width=\"366\" height=\"60\" srcset=\"https:\/\/laurayerpes.com\/wp-content\/uploads\/2025\/05\/Laura-Yerpes-2.png 969w, https:\/\/laurayerpes.com\/wp-content\/uploads\/2025\/05\/Laura-Yerpes-2-300x49.png 300w, https:\/\/laurayerpes.com\/wp-content\/uploads\/2025\/05\/Laura-Yerpes-2-768x126.png 768w\" sizes=\"auto, (max-width: 366px) 100vw, 366px\" \/><\/p>\n<h1 style=\"text-align: center;\"><span style=\"font-family: playfair-display;\">Contact<\/span><\/h1>\n<p>&nbsp;<\/p>\n<p style=\"text-align: center;\"><strong>Studio Valencia<\/strong><br \/>\nCalle Albacete, 46 \u2014 46007 Valencia<br \/>\nTel. (+34) 963 288 830 | (+34) 601 30 11 75<\/p>\n<p>&nbsp;<\/p>\n<p style=\"text-align: center;\"><strong>Office Madrid<\/strong><br \/>\nCalle de Edgar Neville, 6 \u2014 28020 Madrid<br \/>\nTel.(+34) 910 841 064<\/p>\n<p>&nbsp;<\/p>\n<p style=\"text-align: center;\">900 730 077<br \/>\nestudio@laurayerpes.com<\/p>\n[\/vc_column_text][\/vc_column_inner][\/vc_row_inner][\/vc_column][\/vc_row]\n<\/div>","protected":false},"excerpt":{"rendered":"[vc_row css=&#8221;.vc_custom_1746621067449{padding-top: 5% !important;padding-right: 5% !important;padding-bottom: 5% !important;padding-left: 5% !important;}&#8221;][vc_column][vc_row_inner gap=&#8221;35&#8243;][vc_column_inner width=&#8221;1\/2&#8243;][vc_single_image image=&#8221;18824&#8243; alignment=&#8221;center&#8221; css=&#8221;&#8221; img_size=&#8221;large&#8221;][\/vc_column_inner][vc_column_inner width=&#8221;1\/2&#8243;][vc_column_text css=&#8221;&#8221;] Contact &nbsp; Studio Valencia Calle Albacete, 46 \u2014 46007 Valencia Tel. (+34) 963 288 830 | (+34) 601 30 11 75 &nbsp; Office Madrid Calle de Edgar Neville, 6 \u2014 28020 Madrid Tel.(+34) 910 841 064 &nbsp; [&#8230;]\n","protected":false},"author":1,"featured_media":10880,"parent":0,"menu_order":0,"comment_status":"closed","ping_status":"closed","template":"page-blank.php","meta":{"footnotes":""},"class_list":["post-10865","page","type-page","status-publish","has-post-thumbnail","hentry"],"yoast_head":"<!-- This site is optimized with the Yoast SEO plugin v26.8 - https:\/\/yoast.com\/product\/yoast-seo-wordpress\/ -->\n<title>Contact&#8226; Estudio de Interiorismo en Valencia, Ibiza y Madrid. Laura Yerpes.<\/title>\n<meta name=\"robots\" content=\"index, follow, max-snippet:-1, max-image-preview:large, max-video-preview:-1\" \/>\n<link rel=\"canonical\" href=\"https:\/\/laurayerpes.com\/en\/contacto\/\" \/>\n<meta property=\"og:locale\" content=\"en_US\" \/>\n<meta property=\"og:type\" content=\"article\" \/>\n<meta property=\"og:title\" content=\"Contact&#8226; Estudio de Interiorismo en Valencia, Ibiza y Madrid. Laura Yerpes.\" \/>\n<meta property=\"og:description\" content=\"[vc_row css=&#8221;.vc_custom_1746621067449{padding-top: 5% !important;padding-right: 5% !important;padding-bottom: 5% !important;padding-left: 5% !important;}&#8221;][vc_column][vc_row_inner gap=&#8221;35&#8243;][vc_column_inner width=&#8221;1\/2&#8243;][vc_single_image image=&#8221;18824&#8243; alignment=&#8221;center&#8221; css=&#8221;&#8221; img_size=&#8221;large&#8221;][\/vc_column_inner][vc_column_inner width=&#8221;1\/2&#8243;][vc_column_text css=&#8221;&#8221;] Contact &nbsp; Studio Valencia Calle Albacete, 46 \u2014 46007 Valencia Tel. (+34) 963 288 830 | (+34) 601 30 11 75 &nbsp; Office Madrid Calle de Edgar Neville, 6 \u2014 28020 Madrid Tel.(+34) 910 841 064 &nbsp; [...]\" \/>\n<meta property=\"og:url\" content=\"https:\/\/laurayerpes.com\/en\/contacto\/\" \/>\n<meta property=\"og:site_name\" content=\"Estudio de Interiorismo en Valencia, Ibiza y Madrid. Laura Yerpes.\" \/>\n<meta property=\"article:publisher\" content=\"https:\/\/www.facebook.com\/laurayerpesinteriorismo\" \/>\n<meta property=\"article:modified_time\" content=\"2025-07-14T00:35:08+00:00\" \/>\n<meta property=\"og:image\" content=\"https:\/\/laurayerpes.com\/wp-content\/uploads\/2022\/01\/GC564_Yerpes_Carreres9_77_Web-e1659869703894.jpg\" \/>\n\t<meta property=\"og:image:width\" content=\"2280\" \/>\n\t<meta property=\"og:image:height\" content=\"1520\" \/>\n\t<meta property=\"og:image:type\" content=\"image\/jpeg\" \/>\n<meta name=\"twitter:card\" content=\"summary_large_image\" \/>\n<meta name=\"twitter:label1\" content=\"Est. reading time\" \/>\n\t<meta name=\"twitter:data1\" content=\"1 minute\" \/>\n<script type=\"application\/ld+json\" class=\"yoast-schema-graph\">{\"@context\":\"https:\/\/schema.org\",\"@graph\":[{\"@type\":\"WebPage\",\"@id\":\"https:\/\/laurayerpes.com\/en\/contacto\/\",\"url\":\"https:\/\/laurayerpes.com\/en\/contacto\/\",\"name\":\"Contact&#8226; Estudio de Interiorismo en Valencia, Ibiza y Madrid. Laura Yerpes.\",\"isPartOf\":{\"@id\":\"https:\/\/laurayerpes.com\/en\/#website\"},\"primaryImageOfPage\":{\"@id\":\"https:\/\/laurayerpes.com\/en\/contacto\/#primaryimage\"},\"image\":{\"@id\":\"https:\/\/laurayerpes.com\/en\/contacto\/#primaryimage\"},\"thumbnailUrl\":\"https:\/\/laurayerpes.com\/wp-content\/uploads\/2022\/01\/GC564_Yerpes_Carreres9_77_Web-e1659869703894.jpg\",\"datePublished\":\"2020-09-25T08:36:20+00:00\",\"dateModified\":\"2025-07-14T00:35:08+00:00\",\"breadcrumb\":{\"@id\":\"https:\/\/laurayerpes.com\/en\/contacto\/#breadcrumb\"},\"inLanguage\":\"en-US\",\"potentialAction\":[{\"@type\":\"ReadAction\",\"target\":[\"https:\/\/laurayerpes.com\/en\/contacto\/\"]}]},{\"@type\":\"ImageObject\",\"inLanguage\":\"en-US\",\"@id\":\"https:\/\/laurayerpes.com\/en\/contacto\/#primaryimage\",\"url\":\"https:\/\/laurayerpes.com\/wp-content\/uploads\/2022\/01\/GC564_Yerpes_Carreres9_77_Web-e1659869703894.jpg\",\"contentUrl\":\"https:\/\/laurayerpes.com\/wp-content\/uploads\/2022\/01\/GC564_Yerpes_Carreres9_77_Web-e1659869703894.jpg\",\"width\":2280,\"height\":1520,\"caption\":\"Laura Yerpes\"},{\"@type\":\"BreadcrumbList\",\"@id\":\"https:\/\/laurayerpes.com\/en\/contacto\/#breadcrumb\",\"itemListElement\":[{\"@type\":\"ListItem\",\"position\":1,\"name\":\"Portada\",\"item\":\"https:\/\/laurayerpes.com\/en\/\"},{\"@type\":\"ListItem\",\"position\":2,\"name\":\"Contact\"}]},{\"@type\":\"WebSite\",\"@id\":\"https:\/\/laurayerpes.com\/en\/#website\",\"url\":\"https:\/\/laurayerpes.com\/en\/\",\"name\":\"L.Y. Estudio. Interiorismo y decoraci\u00f3n en Valencia.\",\"description\":\"Dise\u00f1o de interiores, arquitectura y decoraci\u00f3n en Valencia, Ibiza y Madrid.\",\"publisher\":{\"@id\":\"https:\/\/laurayerpes.com\/en\/#organization\"},\"potentialAction\":[{\"@type\":\"SearchAction\",\"target\":{\"@type\":\"EntryPoint\",\"urlTemplate\":\"https:\/\/laurayerpes.com\/en\/?s={search_term_string}\"},\"query-input\":{\"@type\":\"PropertyValueSpecification\",\"valueRequired\":true,\"valueName\":\"search_term_string\"}}],\"inLanguage\":\"en-US\"},{\"@type\":\"Organization\",\"@id\":\"https:\/\/laurayerpes.com\/en\/#organization\",\"name\":\"Dise\u00f1o de interiores y arquitectura en Valencia. LY Estudio.\",\"url\":\"https:\/\/laurayerpes.com\/en\/\",\"logo\":{\"@type\":\"ImageObject\",\"inLanguage\":\"en-US\",\"@id\":\"https:\/\/laurayerpes.com\/en\/#\/schema\/logo\/image\/\",\"url\":\"https:\/\/laurayerpes.com\/wp-content\/uploads\/2022\/08\/LY-BLANCO-copia-1.png\",\"contentUrl\":\"https:\/\/laurayerpes.com\/wp-content\/uploads\/2022\/08\/LY-BLANCO-copia-1.png\",\"width\":300,\"height\":274,\"caption\":\"Dise\u00f1o de interiores y arquitectura en Valencia. LY Estudio.\"},\"image\":{\"@id\":\"https:\/\/laurayerpes.com\/en\/#\/schema\/logo\/image\/\"},\"sameAs\":[\"https:\/\/www.facebook.com\/laurayerpesinteriorismo\",\"https:\/\/www.instagram.com\/laurayerpes_estudio\/\",\"https:\/\/www.linkedin.com\/company\/laura-yerpes\/\",\"https:\/\/www.pinterest.es\/laurayerpes\/\",\"https:\/\/www.youtube.com\/channel\/UCLha9ULlaWF_ViAX-35KvLQ\"]}]}<\/script>\n<!-- \/ Yoast SEO plugin. -->","yoast_head_json":{"title":"Contact&#8226; Estudio de Interiorismo en Valencia, Ibiza y Madrid. Laura Yerpes.","robots":{"index":"index","follow":"follow","max-snippet":"max-snippet:-1","max-image-preview":"max-image-preview:large","max-video-preview":"max-video-preview:-1"},"canonical":"https:\/\/laurayerpes.com\/en\/contacto\/","og_locale":"en_US","og_type":"article","og_title":"Contact&#8226; Estudio de Interiorismo en Valencia, Ibiza y Madrid. Laura Yerpes.","og_description":"[vc_row css=&#8221;.vc_custom_1746621067449{padding-top: 5% !important;padding-right: 5% !important;padding-bottom: 5% !important;padding-left: 5% !important;}&#8221;][vc_column][vc_row_inner gap=&#8221;35&#8243;][vc_column_inner width=&#8221;1\/2&#8243;][vc_single_image image=&#8221;18824&#8243; alignment=&#8221;center&#8221; css=&#8221;&#8221; img_size=&#8221;large&#8221;][\/vc_column_inner][vc_column_inner width=&#8221;1\/2&#8243;][vc_column_text css=&#8221;&#8221;] Contact &nbsp; Studio Valencia Calle Albacete, 46 \u2014 46007 Valencia Tel. (+34) 963 288 830 | (+34) 601 30 11 75 &nbsp; Office Madrid Calle de Edgar Neville, 6 \u2014 28020 Madrid Tel.(+34) 910 841 064 &nbsp; [...]","og_url":"https:\/\/laurayerpes.com\/en\/contacto\/","og_site_name":"Estudio de Interiorismo en Valencia, Ibiza y Madrid. Laura Yerpes.","article_publisher":"https:\/\/www.facebook.com\/laurayerpesinteriorismo","article_modified_time":"2025-07-14T00:35:08+00:00","og_image":[{"width":2280,"height":1520,"url":"https:\/\/laurayerpes.com\/wp-content\/uploads\/2022\/01\/GC564_Yerpes_Carreres9_77_Web-e1659869703894.jpg","type":"image\/jpeg"}],"twitter_card":"summary_large_image","twitter_misc":{"Est. reading time":"1 minute"},"schema":{"@context":"https:\/\/schema.org","@graph":[{"@type":"WebPage","@id":"https:\/\/laurayerpes.com\/en\/contacto\/","url":"https:\/\/laurayerpes.com\/en\/contacto\/","name":"Contact&#8226; Estudio de Interiorismo en Valencia, Ibiza y Madrid. Laura Yerpes.","isPartOf":{"@id":"https:\/\/laurayerpes.com\/en\/#website"},"primaryImageOfPage":{"@id":"https:\/\/laurayerpes.com\/en\/contacto\/#primaryimage"},"image":{"@id":"https:\/\/laurayerpes.com\/en\/contacto\/#primaryimage"},"thumbnailUrl":"https:\/\/laurayerpes.com\/wp-content\/uploads\/2022\/01\/GC564_Yerpes_Carreres9_77_Web-e1659869703894.jpg","datePublished":"2020-09-25T08:36:20+00:00","dateModified":"2025-07-14T00:35:08+00:00","breadcrumb":{"@id":"https:\/\/laurayerpes.com\/en\/contacto\/#breadcrumb"},"inLanguage":"en-US","potentialAction":[{"@type":"ReadAction","target":["https:\/\/laurayerpes.com\/en\/contacto\/"]}]},{"@type":"ImageObject","inLanguage":"en-US","@id":"https:\/\/laurayerpes.com\/en\/contacto\/#primaryimage","url":"https:\/\/laurayerpes.com\/wp-content\/uploads\/2022\/01\/GC564_Yerpes_Carreres9_77_Web-e1659869703894.jpg","contentUrl":"https:\/\/laurayerpes.com\/wp-content\/uploads\/2022\/01\/GC564_Yerpes_Carreres9_77_Web-e1659869703894.jpg","width":2280,"height":1520,"caption":"Laura Yerpes"},{"@type":"BreadcrumbList","@id":"https:\/\/laurayerpes.com\/en\/contacto\/#breadcrumb","itemListElement":[{"@type":"ListItem","position":1,"name":"Portada","item":"https:\/\/laurayerpes.com\/en\/"},{"@type":"ListItem","position":2,"name":"Contact"}]},{"@type":"WebSite","@id":"https:\/\/laurayerpes.com\/en\/#website","url":"https:\/\/laurayerpes.com\/en\/","name":"L.Y. Estudio. Interiorismo y decoraci\u00f3n en Valencia.","description":"Dise\u00f1o de interiores, arquitectura y decoraci\u00f3n en Valencia, Ibiza y Madrid.","publisher":{"@id":"https:\/\/laurayerpes.com\/en\/#organization"},"potentialAction":[{"@type":"SearchAction","target":{"@type":"EntryPoint","urlTemplate":"https:\/\/laurayerpes.com\/en\/?s={search_term_string}"},"query-input":{"@type":"PropertyValueSpecification","valueRequired":true,"valueName":"search_term_string"}}],"inLanguage":"en-US"},{"@type":"Organization","@id":"https:\/\/laurayerpes.com\/en\/#organization","name":"Dise\u00f1o de interiores y arquitectura en Valencia. LY Estudio.","url":"https:\/\/laurayerpes.com\/en\/","logo":{"@type":"ImageObject","inLanguage":"en-US","@id":"https:\/\/laurayerpes.com\/en\/#\/schema\/logo\/image\/","url":"https:\/\/laurayerpes.com\/wp-content\/uploads\/2022\/08\/LY-BLANCO-copia-1.png","contentUrl":"https:\/\/laurayerpes.com\/wp-content\/uploads\/2022\/08\/LY-BLANCO-copia-1.png","width":300,"height":274,"caption":"Dise\u00f1o de interiores y arquitectura en Valencia. LY Estudio."},"image":{"@id":"https:\/\/laurayerpes.com\/en\/#\/schema\/logo\/image\/"},"sameAs":["https:\/\/www.facebook.com\/laurayerpesinteriorismo","https:\/\/www.instagram.com\/laurayerpes_estudio\/","https:\/\/www.linkedin.com\/company\/laura-yerpes\/","https:\/\/www.pinterest.es\/laurayerpes\/","https:\/\/www.youtube.com\/channel\/UCLha9ULlaWF_ViAX-35KvLQ"]}]}},"_links":{"self":[{"href":"https:\/\/laurayerpes.com\/en\/wp-json\/wp\/v2\/pages\/10865","targetHints":{"allow":["GET"]}}],"collection":[{"href":"https:\/\/laurayerpes.com\/en\/wp-json\/wp\/v2\/pages"}],"about":[{"href":"https:\/\/laurayerpes.com\/en\/wp-json\/wp\/v2\/types\/page"}],"author":[{"embeddable":true,"href":"https:\/\/laurayerpes.com\/en\/wp-json\/wp\/v2\/users\/1"}],"replies":[{"embeddable":true,"href":"https:\/\/laurayerpes.com\/en\/wp-json\/wp\/v2\/comments?post=10865"}],"version-history":[{"count":9,"href":"https:\/\/laurayerpes.com\/en\/wp-json\/wp\/v2\/pages\/10865\/revisions"}],"predecessor-version":[{"id":21006,"href":"https:\/\/laurayerpes.com\/en\/wp-json\/wp\/v2\/pages\/10865\/revisions\/21006"}],"wp:featuredmedia":[{"embeddable":true,"href":"https:\/\/laurayerpes.com\/en\/wp-json\/wp\/v2\/media\/10880"}],"wp:attachment":[{"href":"https:\/\/laurayerpes.com\/en\/wp-json\/wp\/v2\/media?parent=10865"}],"curies":[{"name":"wp","href":"https:\/\/api.w.org\/{rel}","templated":true}]}}