{"id":12330,"date":"2022-06-21T17:17:10","date_gmt":"2022-06-21T17:17:10","guid":{"rendered":"http:\/\/laurayerpes.com\/interiorismo-yates\/"},"modified":"2025-07-14T00:41:28","modified_gmt":"2025-07-14T00:41:28","slug":"yach","status":"publish","type":"page","link":"https:\/\/laurayerpes.com\/en\/architecture-interior-design-and-decoration\/yach\/","title":{"rendered":"Interior design for yachts"},"content":{"rendered":"<div class=\"wpb-content-wrapper\">[vc_row css=&#8221;.vc_custom_1737447420541{padding-top: 10% !important;padding-bottom: 30% !important;background-image: url(https:\/\/laurayerpes.com\/wp-content\/uploads\/2022\/06\/daypa-yate.jpg?id=14085) !important;background-position: center !important;background-repeat: no-repeat !important;background-size: cover !important;}&#8221;][vc_column][\/vc_column][\/vc_row][vc_row content_placement=&#8221;middle&#8221; parallax_content=&#8221;parallax_content_value&#8221; parallax_content_sense=&#8221;100&#8243; fadeout_row=&#8221;fadeout_row_value&#8221; fadeout_start_effect=&#8221;100&#8243; seperator_enable=&#8221;seperator_enable_value&#8221; css=&#8221;.vc_custom_1654083617312{padding-top: 3% !important;padding-right: 10% !important;padding-bottom: 3% !important;padding-left: 10% !important;}&#8221;][vc_column][vc_empty_space][vc_row_inner gap=&#8221;35&#8243;][vc_column_inner width=&#8221;1\/3&#8243;][vc_single_image image=&#8221;12212&#8243; onclick=&#8221;link_image&#8221; img_size=&#8221;large&#8221;][\/vc_column_inner][vc_column_inner width=&#8221;1\/3&#8243;][vc_single_image image=&#8221;12172&#8243; onclick=&#8221;link_image&#8221; img_size=&#8221;large&#8221;][\/vc_column_inner][vc_column_inner width=&#8221;1\/3&#8243;][vc_single_image image=&#8221;12126&#8243; onclick=&#8221;link_image&#8221; img_size=&#8221;large&#8221;][\/vc_column_inner][\/vc_row_inner][vc_empty_space][vc_row_inner content_placement=&#8221;middle&#8221;][vc_column_inner width=&#8221;1\/3&#8243;][vc_empty_space height=&#8221;12px&#8221;][vc_single_image image=&#8221;52&#8243; css_animation=&#8221;fadeIn&#8221; img_size=&#8221;medium&#8221;][vc_empty_space][\/vc_column_inner][vc_column_inner width=&#8221;2\/3&#8243;][vc_empty_space height=&#8221;12px&#8221;][vc_column_text]\n<p style=\"text-align: left;\">An interior design studio with a unique and exceptional vision. The care for detail and authenticity is definitely the personal hallmark of Laura Yerpes Estudio.<\/p>\n[\/vc_column_text][vc_empty_space][\/vc_column_inner][\/vc_row_inner][\/vc_column][\/vc_row][vc_row parallax=&#8221;content-moving-fade&#8221; parallax_image=&#8221;12208&#8243; css=&#8221;.vc_custom_1655838202541{padding-top: 15% !important;padding-bottom: 15% !important;}&#8221; el_id=&#8221;interiorismo&#8221;][vc_column][\/vc_column][\/vc_row][vc_row content_placement=&#8221;middle&#8221; bg_type=&#8221;image&#8221; bg_img_attach=&#8221;fixed&#8221; parallax_content=&#8221;parallax_content_value&#8221; parallax_content_sense=&#8221;100&#8243; css=&#8221;.vc_custom_1655837668565{padding-top: 10% !important;padding-right: 5% !important;padding-bottom: 10% !important;padding-left: 5% !important;}&#8221; el_id=&#8221;filosofia&#8221;][vc_column][vc_row_inner content_placement=&#8221;middle&#8221; gap=&#8221;35&#8243;][vc_column_inner width=&#8221;1\/2&#8243;][vc_column_text css_animation=&#8221;fadeIn&#8221;]\n<h1 class=\"thin-font\" style=\"text-align: center;\"><span style=\"font-size: 75%;\" data-text-color=\"secondary\">Interior design for yachts<\/span><\/h1>\n<h1 class=\"thin-font\" style=\"text-align: center;\"><span style=\"font-size: 100%;\" data-text-color=\"primary\">A 5-star hotel sailing in the Mediterranean<\/span><\/h1>\n[\/vc_column_text][vc_empty_space][vc_column_text]\n<p style=\"text-align: justify;\">The chromatic base of the entire project has been the white tones combined with small brushstrokes in sand. The decoration has provided coral touches and the green of the natural elements that dress the table and the decorative pieces in the interiors.<\/p>\n<p style=\"text-align: justify;\">Each of the four cabins shows a characteristic personality, based on the same aesthetic concept. Aesthetics is in every detail, from the choice of textures and small decorative elements to the headboards of the beds, covered in eco-leather. Selected elements for high-end yachts.<\/p>\n[\/vc_column_text][vc_empty_space][vc_column_text]\n<h3 style=\"text-align: center;\"><span data-text-color=\"primary\">Noble materials and elegance for the high seas<\/span><\/h3>\n[\/vc_column_text][\/vc_column_inner][vc_column_inner width=&#8221;1\/2&#8243;][vc_column_text css=&#8221;&#8221;]\n<div style=\"width: 1020px;\" class=\"wp-video\"><video class=\"wp-video-shortcode\" id=\"video-12330-1\" width=\"1020\" height=\"574\" preload=\"metadata\" controls=\"controls\"><source type=\"video\/mp4\" src=\"https:\/\/laurayerpes.com\/wp-content\/uploads\/2022\/06\/daypa.mp4?_=1\" \/><a href=\"https:\/\/laurayerpes.com\/wp-content\/uploads\/2022\/06\/daypa.mp4\">https:\/\/laurayerpes.com\/wp-content\/uploads\/2022\/06\/daypa.mp4<\/a><\/video><\/div>\n[\/vc_column_text][\/vc_column_inner][\/vc_row_inner][vc_empty_space][\/vc_column][\/vc_row][vc_row parallax=&#8221;content-moving-fade&#8221; parallax_image=&#8221;12102&#8243; css=&#8221;.vc_custom_1655837821423{padding-top: 15% !important;padding-bottom: 15% !important;}&#8221;][vc_column][\/vc_column][\/vc_row][vc_row css=&#8221;.vc_custom_1654080822036{padding-top: 2% !important;padding-right: 5% !important;padding-bottom: 5% !important;padding-left: 5% !important;}&#8221; el_id=&#8221;proyectos&#8221;][vc_column][vc_row_inner css=&#8221;.vc_custom_1603194105805{padding-top: 8% !important;padding-bottom: 5% !important;}&#8221;][vc_column_inner width=&#8221;1\/6&#8243;][\/vc_column_inner][vc_column_inner width=&#8221;2\/3&#8243;][vc_column_text css_animation=&#8221;fadeIn&#8221;]\n<h1 class=\"thin-font\" style=\"text-align: center;\"><span style=\"font-size: 115%;\">Daypa Project, a Canados super yacht. <\/span><\/h1>\n[\/vc_column_text][vc_column_text]\n<h3 class=\"thin-font\" style=\"text-align: center;\"><span style=\"font-size: 100%;\" data-text-color=\"secondary\">Innovation, design and beauty on board this comfortable boat <\/span><\/h3>\n[\/vc_column_text][vc_empty_space][vc_column_text]\n<p style=\"text-align: center;\">The owners wanted to update the aesthetics of the yacht to turn it into a luxury hotel. In the project, materials suitable for navigation were used, adapted to the environment and to all spaces: from the bow lounge, to the aft dining room, the interior lounge, the upper deck, the captain&#8217;s cabin and the four cabins of the boat, which has a length of 26 meters and can accommodate between 10 and 12 people.<\/p>\n[\/vc_column_text][\/vc_column_inner][vc_column_inner width=&#8221;1\/6&#8243;][\/vc_column_inner][\/vc_row_inner][vc_empty_space][vc_row_inner gap=&#8221;35&#8243;][vc_column_inner width=&#8221;1\/3&#8243;][vc_single_image image=&#8221;12206&#8243; onclick=&#8221;link_image&#8221; img_size=&#8221;large&#8221;][\/vc_column_inner][vc_column_inner width=&#8221;1\/3&#8243;][vc_single_image image=&#8221;12164&#8243; onclick=&#8221;link_image&#8221; img_size=&#8221;large&#8221;][\/vc_column_inner][vc_column_inner width=&#8221;1\/3&#8243;][vc_single_image image=&#8221;12148&#8243; onclick=&#8221;link_image&#8221; img_size=&#8221;large&#8221;][\/vc_column_inner][\/vc_row_inner][vc_row_inner gap=&#8221;35&#8243;][vc_column_inner width=&#8221;1\/3&#8243;][vc_single_image image=&#8221;12188&#8243; onclick=&#8221;link_image&#8221; img_size=&#8221;large&#8221;][\/vc_column_inner][vc_column_inner width=&#8221;1\/3&#8243;][vc_single_image image=&#8221;12154&#8243; onclick=&#8221;link_image&#8221; img_size=&#8221;large&#8221;][\/vc_column_inner][vc_column_inner width=&#8221;1\/3&#8243;][vc_single_image image=&#8221;12136&#8243; onclick=&#8221;link_image&#8221; img_size=&#8221;large&#8221;][\/vc_column_inner][\/vc_row_inner][vc_row_inner gap=&#8221;35&#8243;][vc_column_inner width=&#8221;1\/3&#8243;][vc_single_image image=&#8221;12182&#8243; onclick=&#8221;link_image&#8221; img_size=&#8221;large&#8221;][\/vc_column_inner][vc_column_inner width=&#8221;1\/3&#8243;][vc_single_image image=&#8221;12130&#8243; onclick=&#8221;link_image&#8221; img_size=&#8221;large&#8221;][\/vc_column_inner][vc_column_inner width=&#8221;1\/3&#8243;][vc_single_image image=&#8221;12132&#8243; onclick=&#8221;link_image&#8221; img_size=&#8221;large&#8221;][\/vc_column_inner][\/vc_row_inner][\/vc_column][\/vc_row][vc_row content_placement=&#8221;middle&#8221; bg_type=&#8221;image&#8221; bg_img_attach=&#8221;fixed&#8221; parallax_content=&#8221;parallax_content_value&#8221; parallax_content_sense=&#8221;100&#8243; css=&#8221;.vc_custom_1655840044583{padding-top: 10% !important;padding-right: 5% !important;padding-bottom: 10% !important;padding-left: 5% !important;background-color: #1b2c46 !important;}&#8221;][vc_column][vc_row_inner content_placement=&#8221;middle&#8221; gap=&#8221;35&#8243;][vc_column_inner width=&#8221;1\/2&#8243;][vc_empty_space][vc_single_image image=&#8221;12231&#8243; alignment=&#8221;center&#8221; onclick=&#8221;link_image&#8221; img_size=&#8221;large&#8221;][vc_empty_space][\/vc_column_inner][vc_column_inner width=&#8221;1\/2&#8243;][vc_column_text css_animation=&#8221;fadeIn&#8221;]\n<h1 class=\"thin-font\" style=\"text-align: center;\"><span style=\"font-size: 75%;\" data-text-color=\"secondary\">Technical characteristics of the project<\/span><\/h1>\n<h1 class=\"thin-font\" style=\"text-align: center;\"><span style=\"font-size: 100%;\" data-text-color=\"success\">Interior design for a high-end yacht<\/span><\/h1>\n[\/vc_column_text][vc_empty_space][vc_column_text]\n<p style=\"text-align: center;\"><span data-text-color=\"success\">Model: Canados 80s<\/span><br \/>\n<span data-text-color=\"success\">Length: 26 meters<\/span><br \/>\n<span data-text-color=\"success\">Beam: 6.40 meters<\/span><br \/>\n<span data-text-color=\"success\">Maximum Velocity: 28 Knots <strong>\/ <\/strong>500 L\/H<\/span><br \/>\n<span data-text-color=\"success\">Cruising speed:18 Knots <strong>\/ <\/strong>380 L\/H<\/span><br \/>\n<span data-text-color=\"success\">Economy Speed: 12 Knots <strong>\/ <\/strong>190 L\/H<\/span><br \/>\n<span data-text-color=\"success\">Cabins: 4 (1 master, 1 vip, 2 Twin) Up to 10 guests<\/span><br \/>\n<span data-text-color=\"success\">Crew: 3 people.<\/span><\/p>\n[\/vc_column_text][vc_empty_space][\/vc_column_inner][\/vc_row_inner][vc_empty_space][\/vc_column][\/vc_row]\n<\/div>","protected":false},"excerpt":{"rendered":"[vc_row css=&#8221;.vc_custom_1737447420541{padding-top: 10% !important;padding-bottom: 30% !important;background-image: url(https:\/\/laurayerpes.com\/wp-content\/uploads\/2022\/06\/daypa-yate.jpg?id=14085) !important;background-position: center !important;background-repeat: no-repeat !important;background-size: cover !important;}&#8221;][vc_column][\/vc_column][\/vc_row][vc_row content_placement=&#8221;middle&#8221; parallax_content=&#8221;parallax_content_value&#8221; parallax_content_sense=&#8221;100&#8243; fadeout_row=&#8221;fadeout_row_value&#8221; fadeout_start_effect=&#8221;100&#8243; seperator_enable=&#8221;seperator_enable_value&#8221; css=&#8221;.vc_custom_1654083617312{padding-top: 3% !important;padding-right: 10% !important;padding-bottom: 3% !important;padding-left: 10% !important;}&#8221;][vc_column][vc_empty_space][vc_row_inner gap=&#8221;35&#8243;][vc_column_inner width=&#8221;1\/3&#8243;][vc_single_image image=&#8221;12212&#8243; onclick=&#8221;link_image&#8221; img_size=&#8221;large&#8221;][\/vc_column_inner][vc_column_inner width=&#8221;1\/3&#8243;][vc_single_image image=&#8221;12172&#8243; onclick=&#8221;link_image&#8221; img_size=&#8221;large&#8221;][\/vc_column_inner][vc_column_inner width=&#8221;1\/3&#8243;][vc_single_image image=&#8221;12126&#8243; onclick=&#8221;link_image&#8221; img_size=&#8221;large&#8221;][\/vc_column_inner][\/vc_row_inner][vc_empty_space][vc_row_inner content_placement=&#8221;middle&#8221;][vc_column_inner width=&#8221;1\/3&#8243;][vc_empty_space height=&#8221;12px&#8221;][vc_single_image image=&#8221;52&#8243; css_animation=&#8221;fadeIn&#8221; img_size=&#8221;medium&#8221;][vc_empty_space][\/vc_column_inner][vc_column_inner width=&#8221;2\/3&#8243;][vc_empty_space height=&#8221;12px&#8221;][vc_column_text] An interior design studio with [&#8230;]\n","protected":false},"author":1,"featured_media":12103,"parent":10830,"menu_order":0,"comment_status":"closed","ping_status":"closed","template":"page-blank.php","meta":{"footnotes":""},"class_list":["post-12330","page","type-page","status-publish","has-post-thumbnail","hentry"],"yoast_head":"<!-- This site is optimized with the Yoast SEO plugin v26.8 - https:\/\/yoast.com\/product\/yoast-seo-wordpress\/ -->\n<title>Interior design for yachts&#8226; Estudio de Interiorismo en Valencia, Ibiza y Madrid. Laura Yerpes.<\/title>\n<meta name=\"robots\" content=\"index, follow, max-snippet:-1, max-image-preview:large, max-video-preview:-1\" \/>\n<link rel=\"canonical\" href=\"https:\/\/laurayerpes.com\/en\/architecture-interior-design-and-decoration\/yach\/\" \/>\n<meta property=\"og:locale\" content=\"en_US\" \/>\n<meta property=\"og:type\" content=\"article\" \/>\n<meta property=\"og:title\" content=\"Interior design for yachts&#8226; Estudio de Interiorismo en Valencia, Ibiza y Madrid. Laura Yerpes.\" \/>\n<meta property=\"og:description\" content=\"[vc_row css=&#8221;.vc_custom_1737447420541{padding-top: 10% !important;padding-bottom: 30% !important;background-image: url(https:\/\/laurayerpes.com\/wp-content\/uploads\/2022\/06\/daypa-yate.jpg?id=14085) !important;background-position: center !important;background-repeat: no-repeat !important;background-size: cover !important;}&#8221;][vc_column][\/vc_column][\/vc_row][vc_row content_placement=&#8221;middle&#8221; parallax_content=&#8221;parallax_content_value&#8221; parallax_content_sense=&#8221;100&#8243; fadeout_row=&#8221;fadeout_row_value&#8221; fadeout_start_effect=&#8221;100&#8243; seperator_enable=&#8221;seperator_enable_value&#8221; css=&#8221;.vc_custom_1654083617312{padding-top: 3% !important;padding-right: 10% !important;padding-bottom: 3% !important;padding-left: 10% !important;}&#8221;][vc_column][vc_empty_space][vc_row_inner gap=&#8221;35&#8243;][vc_column_inner width=&#8221;1\/3&#8243;][vc_single_image image=&#8221;12212&#8243; onclick=&#8221;link_image&#8221; img_size=&#8221;large&#8221;][\/vc_column_inner][vc_column_inner width=&#8221;1\/3&#8243;][vc_single_image image=&#8221;12172&#8243; onclick=&#8221;link_image&#8221; img_size=&#8221;large&#8221;][\/vc_column_inner][vc_column_inner width=&#8221;1\/3&#8243;][vc_single_image image=&#8221;12126&#8243; onclick=&#8221;link_image&#8221; img_size=&#8221;large&#8221;][\/vc_column_inner][\/vc_row_inner][vc_empty_space][vc_row_inner content_placement=&#8221;middle&#8221;][vc_column_inner width=&#8221;1\/3&#8243;][vc_empty_space height=&#8221;12px&#8221;][vc_single_image image=&#8221;52&#8243; css_animation=&#8221;fadeIn&#8221; img_size=&#8221;medium&#8221;][vc_empty_space][\/vc_column_inner][vc_column_inner width=&#8221;2\/3&#8243;][vc_empty_space height=&#8221;12px&#8221;][vc_column_text] An interior design studio with [...]\" \/>\n<meta property=\"og:url\" content=\"https:\/\/laurayerpes.com\/en\/architecture-interior-design-and-decoration\/yach\/\" \/>\n<meta property=\"og:site_name\" content=\"Estudio de Interiorismo en Valencia, Ibiza y Madrid. Laura Yerpes.\" \/>\n<meta property=\"article:publisher\" content=\"https:\/\/www.facebook.com\/laurayerpesinteriorismo\" \/>\n<meta property=\"article:modified_time\" content=\"2025-07-14T00:41:28+00:00\" \/>\n<meta property=\"og:image\" content=\"https:\/\/laurayerpes.com\/wp-content\/uploads\/2022\/06\/DJI_0278_web.jpg\" \/>\n\t<meta property=\"og:image:width\" content=\"2000\" \/>\n\t<meta property=\"og:image:height\" content=\"1124\" \/>\n\t<meta property=\"og:image:type\" content=\"image\/jpeg\" \/>\n<meta name=\"twitter:card\" content=\"summary_large_image\" \/>\n<meta name=\"twitter:label1\" content=\"Est. reading time\" \/>\n\t<meta name=\"twitter:data1\" content=\"3 minutes\" \/>\n<script type=\"application\/ld+json\" class=\"yoast-schema-graph\">{\"@context\":\"https:\/\/schema.org\",\"@graph\":[{\"@type\":\"WebPage\",\"@id\":\"https:\/\/laurayerpes.com\/en\/architecture-interior-design-and-decoration\/yach\/\",\"url\":\"https:\/\/laurayerpes.com\/en\/architecture-interior-design-and-decoration\/yach\/\",\"name\":\"Interior design for yachts&#8226; Estudio de Interiorismo en Valencia, Ibiza y Madrid. Laura Yerpes.\",\"isPartOf\":{\"@id\":\"https:\/\/laurayerpes.com\/en\/#website\"},\"primaryImageOfPage\":{\"@id\":\"https:\/\/laurayerpes.com\/en\/architecture-interior-design-and-decoration\/yach\/#primaryimage\"},\"image\":{\"@id\":\"https:\/\/laurayerpes.com\/en\/architecture-interior-design-and-decoration\/yach\/#primaryimage\"},\"thumbnailUrl\":\"https:\/\/laurayerpes.com\/wp-content\/uploads\/2022\/06\/DJI_0278_web.jpg\",\"datePublished\":\"2022-06-21T17:17:10+00:00\",\"dateModified\":\"2025-07-14T00:41:28+00:00\",\"breadcrumb\":{\"@id\":\"https:\/\/laurayerpes.com\/en\/architecture-interior-design-and-decoration\/yach\/#breadcrumb\"},\"inLanguage\":\"en-US\",\"potentialAction\":[{\"@type\":\"ReadAction\",\"target\":[\"https:\/\/laurayerpes.com\/en\/architecture-interior-design-and-decoration\/yach\/\"]}]},{\"@type\":\"ImageObject\",\"inLanguage\":\"en-US\",\"@id\":\"https:\/\/laurayerpes.com\/en\/architecture-interior-design-and-decoration\/yach\/#primaryimage\",\"url\":\"https:\/\/laurayerpes.com\/wp-content\/uploads\/2022\/06\/DJI_0278_web.jpg\",\"contentUrl\":\"https:\/\/laurayerpes.com\/wp-content\/uploads\/2022\/06\/DJI_0278_web.jpg\",\"width\":2000,\"height\":1124,\"caption\":\"Vista a\u00e9rea yate de lujo\"},{\"@type\":\"BreadcrumbList\",\"@id\":\"https:\/\/laurayerpes.com\/en\/architecture-interior-design-and-decoration\/yach\/#breadcrumb\",\"itemListElement\":[{\"@type\":\"ListItem\",\"position\":1,\"name\":\"Portada\",\"item\":\"https:\/\/laurayerpes.com\/en\/\"},{\"@type\":\"ListItem\",\"position\":2,\"name\":\"Architecture, interior design and decoration\",\"item\":\"https:\/\/laurayerpes.com\/en\/architecture-interior-design-and-decoration\/\"},{\"@type\":\"ListItem\",\"position\":3,\"name\":\"Interior design for yachts\"}]},{\"@type\":\"WebSite\",\"@id\":\"https:\/\/laurayerpes.com\/en\/#website\",\"url\":\"https:\/\/laurayerpes.com\/en\/\",\"name\":\"L.Y. Estudio. Interiorismo y decoraci\u00f3n en Valencia.\",\"description\":\"Dise\u00f1o de interiores, arquitectura y decoraci\u00f3n en Valencia, Ibiza y Madrid.\",\"publisher\":{\"@id\":\"https:\/\/laurayerpes.com\/en\/#organization\"},\"potentialAction\":[{\"@type\":\"SearchAction\",\"target\":{\"@type\":\"EntryPoint\",\"urlTemplate\":\"https:\/\/laurayerpes.com\/en\/?s={search_term_string}\"},\"query-input\":{\"@type\":\"PropertyValueSpecification\",\"valueRequired\":true,\"valueName\":\"search_term_string\"}}],\"inLanguage\":\"en-US\"},{\"@type\":\"Organization\",\"@id\":\"https:\/\/laurayerpes.com\/en\/#organization\",\"name\":\"Dise\u00f1o de interiores y arquitectura en Valencia. LY Estudio.\",\"url\":\"https:\/\/laurayerpes.com\/en\/\",\"logo\":{\"@type\":\"ImageObject\",\"inLanguage\":\"en-US\",\"@id\":\"https:\/\/laurayerpes.com\/en\/#\/schema\/logo\/image\/\",\"url\":\"https:\/\/laurayerpes.com\/wp-content\/uploads\/2022\/08\/LY-BLANCO-copia-1.png\",\"contentUrl\":\"https:\/\/laurayerpes.com\/wp-content\/uploads\/2022\/08\/LY-BLANCO-copia-1.png\",\"width\":300,\"height\":274,\"caption\":\"Dise\u00f1o de interiores y arquitectura en Valencia. LY Estudio.\"},\"image\":{\"@id\":\"https:\/\/laurayerpes.com\/en\/#\/schema\/logo\/image\/\"},\"sameAs\":[\"https:\/\/www.facebook.com\/laurayerpesinteriorismo\",\"https:\/\/www.instagram.com\/laurayerpes_estudio\/\",\"https:\/\/www.linkedin.com\/company\/laura-yerpes\/\",\"https:\/\/www.pinterest.es\/laurayerpes\/\",\"https:\/\/www.youtube.com\/channel\/UCLha9ULlaWF_ViAX-35KvLQ\"]}]}<\/script>\n<!-- \/ Yoast SEO plugin. -->","yoast_head_json":{"title":"Interior design for yachts&#8226; Estudio de Interiorismo en Valencia, Ibiza y Madrid. Laura Yerpes.","robots":{"index":"index","follow":"follow","max-snippet":"max-snippet:-1","max-image-preview":"max-image-preview:large","max-video-preview":"max-video-preview:-1"},"canonical":"https:\/\/laurayerpes.com\/en\/architecture-interior-design-and-decoration\/yach\/","og_locale":"en_US","og_type":"article","og_title":"Interior design for yachts&#8226; Estudio de Interiorismo en Valencia, Ibiza y Madrid. Laura Yerpes.","og_description":"[vc_row css=&#8221;.vc_custom_1737447420541{padding-top: 10% !important;padding-bottom: 30% !important;background-image: url(https:\/\/laurayerpes.com\/wp-content\/uploads\/2022\/06\/daypa-yate.jpg?id=14085) !important;background-position: center !important;background-repeat: no-repeat !important;background-size: cover !important;}&#8221;][vc_column][\/vc_column][\/vc_row][vc_row content_placement=&#8221;middle&#8221; parallax_content=&#8221;parallax_content_value&#8221; parallax_content_sense=&#8221;100&#8243; fadeout_row=&#8221;fadeout_row_value&#8221; fadeout_start_effect=&#8221;100&#8243; seperator_enable=&#8221;seperator_enable_value&#8221; css=&#8221;.vc_custom_1654083617312{padding-top: 3% !important;padding-right: 10% !important;padding-bottom: 3% !important;padding-left: 10% !important;}&#8221;][vc_column][vc_empty_space][vc_row_inner gap=&#8221;35&#8243;][vc_column_inner width=&#8221;1\/3&#8243;][vc_single_image image=&#8221;12212&#8243; onclick=&#8221;link_image&#8221; img_size=&#8221;large&#8221;][\/vc_column_inner][vc_column_inner width=&#8221;1\/3&#8243;][vc_single_image image=&#8221;12172&#8243; onclick=&#8221;link_image&#8221; img_size=&#8221;large&#8221;][\/vc_column_inner][vc_column_inner width=&#8221;1\/3&#8243;][vc_single_image image=&#8221;12126&#8243; onclick=&#8221;link_image&#8221; img_size=&#8221;large&#8221;][\/vc_column_inner][\/vc_row_inner][vc_empty_space][vc_row_inner content_placement=&#8221;middle&#8221;][vc_column_inner width=&#8221;1\/3&#8243;][vc_empty_space height=&#8221;12px&#8221;][vc_single_image image=&#8221;52&#8243; css_animation=&#8221;fadeIn&#8221; img_size=&#8221;medium&#8221;][vc_empty_space][\/vc_column_inner][vc_column_inner width=&#8221;2\/3&#8243;][vc_empty_space height=&#8221;12px&#8221;][vc_column_text] An interior design studio with [...]","og_url":"https:\/\/laurayerpes.com\/en\/architecture-interior-design-and-decoration\/yach\/","og_site_name":"Estudio de Interiorismo en Valencia, Ibiza y Madrid. Laura Yerpes.","article_publisher":"https:\/\/www.facebook.com\/laurayerpesinteriorismo","article_modified_time":"2025-07-14T00:41:28+00:00","og_image":[{"width":2000,"height":1124,"url":"https:\/\/laurayerpes.com\/wp-content\/uploads\/2022\/06\/DJI_0278_web.jpg","type":"image\/jpeg"}],"twitter_card":"summary_large_image","twitter_misc":{"Est. reading time":"3 minutes"},"schema":{"@context":"https:\/\/schema.org","@graph":[{"@type":"WebPage","@id":"https:\/\/laurayerpes.com\/en\/architecture-interior-design-and-decoration\/yach\/","url":"https:\/\/laurayerpes.com\/en\/architecture-interior-design-and-decoration\/yach\/","name":"Interior design for yachts&#8226; Estudio de Interiorismo en Valencia, Ibiza y Madrid. Laura Yerpes.","isPartOf":{"@id":"https:\/\/laurayerpes.com\/en\/#website"},"primaryImageOfPage":{"@id":"https:\/\/laurayerpes.com\/en\/architecture-interior-design-and-decoration\/yach\/#primaryimage"},"image":{"@id":"https:\/\/laurayerpes.com\/en\/architecture-interior-design-and-decoration\/yach\/#primaryimage"},"thumbnailUrl":"https:\/\/laurayerpes.com\/wp-content\/uploads\/2022\/06\/DJI_0278_web.jpg","datePublished":"2022-06-21T17:17:10+00:00","dateModified":"2025-07-14T00:41:28+00:00","breadcrumb":{"@id":"https:\/\/laurayerpes.com\/en\/architecture-interior-design-and-decoration\/yach\/#breadcrumb"},"inLanguage":"en-US","potentialAction":[{"@type":"ReadAction","target":["https:\/\/laurayerpes.com\/en\/architecture-interior-design-and-decoration\/yach\/"]}]},{"@type":"ImageObject","inLanguage":"en-US","@id":"https:\/\/laurayerpes.com\/en\/architecture-interior-design-and-decoration\/yach\/#primaryimage","url":"https:\/\/laurayerpes.com\/wp-content\/uploads\/2022\/06\/DJI_0278_web.jpg","contentUrl":"https:\/\/laurayerpes.com\/wp-content\/uploads\/2022\/06\/DJI_0278_web.jpg","width":2000,"height":1124,"caption":"Vista a\u00e9rea yate de lujo"},{"@type":"BreadcrumbList","@id":"https:\/\/laurayerpes.com\/en\/architecture-interior-design-and-decoration\/yach\/#breadcrumb","itemListElement":[{"@type":"ListItem","position":1,"name":"Portada","item":"https:\/\/laurayerpes.com\/en\/"},{"@type":"ListItem","position":2,"name":"Architecture, interior design and decoration","item":"https:\/\/laurayerpes.com\/en\/architecture-interior-design-and-decoration\/"},{"@type":"ListItem","position":3,"name":"Interior design for yachts"}]},{"@type":"WebSite","@id":"https:\/\/laurayerpes.com\/en\/#website","url":"https:\/\/laurayerpes.com\/en\/","name":"L.Y. Estudio. Interiorismo y decoraci\u00f3n en Valencia.","description":"Dise\u00f1o de interiores, arquitectura y decoraci\u00f3n en Valencia, Ibiza y Madrid.","publisher":{"@id":"https:\/\/laurayerpes.com\/en\/#organization"},"potentialAction":[{"@type":"SearchAction","target":{"@type":"EntryPoint","urlTemplate":"https:\/\/laurayerpes.com\/en\/?s={search_term_string}"},"query-input":{"@type":"PropertyValueSpecification","valueRequired":true,"valueName":"search_term_string"}}],"inLanguage":"en-US"},{"@type":"Organization","@id":"https:\/\/laurayerpes.com\/en\/#organization","name":"Dise\u00f1o de interiores y arquitectura en Valencia. LY Estudio.","url":"https:\/\/laurayerpes.com\/en\/","logo":{"@type":"ImageObject","inLanguage":"en-US","@id":"https:\/\/laurayerpes.com\/en\/#\/schema\/logo\/image\/","url":"https:\/\/laurayerpes.com\/wp-content\/uploads\/2022\/08\/LY-BLANCO-copia-1.png","contentUrl":"https:\/\/laurayerpes.com\/wp-content\/uploads\/2022\/08\/LY-BLANCO-copia-1.png","width":300,"height":274,"caption":"Dise\u00f1o de interiores y arquitectura en Valencia. LY Estudio."},"image":{"@id":"https:\/\/laurayerpes.com\/en\/#\/schema\/logo\/image\/"},"sameAs":["https:\/\/www.facebook.com\/laurayerpesinteriorismo","https:\/\/www.instagram.com\/laurayerpes_estudio\/","https:\/\/www.linkedin.com\/company\/laura-yerpes\/","https:\/\/www.pinterest.es\/laurayerpes\/","https:\/\/www.youtube.com\/channel\/UCLha9ULlaWF_ViAX-35KvLQ"]}]}},"_links":{"self":[{"href":"https:\/\/laurayerpes.com\/en\/wp-json\/wp\/v2\/pages\/12330","targetHints":{"allow":["GET"]}}],"collection":[{"href":"https:\/\/laurayerpes.com\/en\/wp-json\/wp\/v2\/pages"}],"about":[{"href":"https:\/\/laurayerpes.com\/en\/wp-json\/wp\/v2\/types\/page"}],"author":[{"embeddable":true,"href":"https:\/\/laurayerpes.com\/en\/wp-json\/wp\/v2\/users\/1"}],"replies":[{"embeddable":true,"href":"https:\/\/laurayerpes.com\/en\/wp-json\/wp\/v2\/comments?post=12330"}],"version-history":[{"count":7,"href":"https:\/\/laurayerpes.com\/en\/wp-json\/wp\/v2\/pages\/12330\/revisions"}],"predecessor-version":[{"id":21011,"href":"https:\/\/laurayerpes.com\/en\/wp-json\/wp\/v2\/pages\/12330\/revisions\/21011"}],"up":[{"embeddable":true,"href":"https:\/\/laurayerpes.com\/en\/wp-json\/wp\/v2\/pages\/10830"}],"wp:featuredmedia":[{"embeddable":true,"href":"https:\/\/laurayerpes.com\/en\/wp-json\/wp\/v2\/media\/12103"}],"wp:attachment":[{"href":"https:\/\/laurayerpes.com\/en\/wp-json\/wp\/v2\/media?parent=12330"}],"curies":[{"name":"wp","href":"https:\/\/api.w.org\/{rel}","templated":true}]}}