{"id":21790,"date":"2025-09-04T10:02:20","date_gmt":"2025-09-04T10:02:20","guid":{"rendered":"https:\/\/laurayerpes.com\/interior-design-projects\/vivienda-angel-villena\/"},"modified":"2025-09-08T12:09:30","modified_gmt":"2025-09-08T12:09:30","slug":"angel-villena-residence","status":"publish","type":"page","link":"https:\/\/laurayerpes.com\/en\/interior-design-projects\/angel-villena-residence\/","title":{"rendered":"\u00c1ngel Villena Residence"},"content":{"rendered":"<div class=\"wpb-content-wrapper\">[vc_row css=&#8221;.vc_custom_1747129611373{margin-right: 5% !important;margin-left: 5% !important;padding-top: 5% !important;padding-bottom: 5% !important;}&#8221;][vc_column width=&#8221;1\/6&#8243;][\/vc_column][vc_column width=&#8221;2\/3&#8243;][vc_column_text css=&#8221;&#8221;]\n<h1 class=\"alt-font uppercase\" style=\"text-align: center;\"><span style=\"font-size: 0.4em; font-family: playfair-display;\">\u00a0\u00c1ngel Villena Residence<\/span><\/h1>\n[\/vc_column_text][vc_empty_space][vc_column_text css=&#8221;&#8221;]\n<p style=\"text-align: justify;\" data-start=\"129\" data-end=\"327\">LY Estudio signs off on this contemporary-style residence located in Valencia\u2019s City of Arts and Sciences, where every detail has been conceived as an expression of character and sophistication.<\/p>\n<p style=\"text-align: justify;\" data-start=\"329\" data-end=\"640\">Noble materials set the tone: aged copper, wood stained in chocolate and ochre tones, custom-made furniture, and a carefully curated palette of red and white accents that add visual strength to the ensemble. The kitchen opens to the living room through bespoke sliding doors, creating a fluid and elegant space.<\/p>\n<p style=\"text-align: justify;\" data-start=\"642\" data-end=\"925\">The TV unit blends subtly into the environment thanks to its built-in design, offering visual lightness and a sense of understated elegance. Perimeter lighting, washing over walls and curtains from precisely designed recessed fixtures, creates an immersive, theatrical play of light.<\/p>\n<p style=\"text-align: justify;\" data-start=\"927\" data-end=\"1011\">A home conceived for those seeking a warm, timeless, and deeply personal atmosphere.<\/p>\n[\/vc_column_text][\/vc_column][vc_column width=&#8221;1\/6&#8243;][\/vc_column][\/vc_row][vc_row parallax_content=&#8221;off&#8221; css=&#8221;.vc_custom_1605625892597{background-position: center !important;background-repeat: no-repeat !important;background-size: contain !important;}&#8221;][vc_column][vc_single_image image=&#8221;19318&#8243; img_size=&#8221;full&#8221; alignment=&#8221;center&#8221; css=&#8221;&#8221;][\/vc_column][\/vc_row][vc_row parallax_content=&#8221;off&#8221; css=&#8221;.vc_custom_1605625892597{background-position: center !important;background-repeat: no-repeat !important;background-size: contain !important;}&#8221;][vc_column width=&#8221;1\/2&#8243;][vc_single_image image=&#8221;19320&#8243; img_size=&#8221;full&#8221; alignment=&#8221;right&#8221; css=&#8221;&#8221;][\/vc_column][vc_column width=&#8221;1\/2&#8243;][vc_single_image image=&#8221;19322&#8243; img_size=&#8221;full&#8221; css=&#8221;&#8221;][\/vc_column][\/vc_row][vc_row parallax_content=&#8221;off&#8221; css=&#8221;.vc_custom_1605625892597{background-position: center !important;background-repeat: no-repeat !important;background-size: contain !important;}&#8221;][vc_column][vc_single_image image=&#8221;19324&#8243; img_size=&#8221;full&#8221; alignment=&#8221;center&#8221; css=&#8221;&#8221;][\/vc_column][\/vc_row][vc_row parallax_content=&#8221;off&#8221; css=&#8221;.vc_custom_1605625892597{background-position: center !important;background-repeat: no-repeat !important;background-size: contain !important;}&#8221;][vc_column width=&#8221;1\/2&#8243;][vc_single_image image=&#8221;19326&#8243; img_size=&#8221;full&#8221; alignment=&#8221;right&#8221; css=&#8221;&#8221;][\/vc_column][vc_column width=&#8221;1\/2&#8243;][vc_single_image image=&#8221;19328&#8243; img_size=&#8221;full&#8221; css=&#8221;&#8221;][\/vc_column][\/vc_row][vc_row parallax_content=&#8221;off&#8221; css=&#8221;.vc_custom_1605625892597{background-position: center !important;background-repeat: no-repeat !important;background-size: contain !important;}&#8221;][vc_column width=&#8221;1\/2&#8243;][vc_single_image image=&#8221;19330&#8243; img_size=&#8221;full&#8221; alignment=&#8221;right&#8221; css=&#8221;&#8221;][\/vc_column][vc_column width=&#8221;1\/2&#8243;][vc_single_image image=&#8221;19332&#8243; img_size=&#8221;full&#8221; css=&#8221;&#8221;][\/vc_column][\/vc_row][vc_row parallax_content=&#8221;off&#8221; css=&#8221;.vc_custom_1605625892597{background-position: center !important;background-repeat: no-repeat !important;background-size: contain !important;}&#8221;][vc_column][vc_single_image image=&#8221;19334&#8243; img_size=&#8221;full&#8221; alignment=&#8221;center&#8221; css=&#8221;&#8221;][\/vc_column][\/vc_row][vc_row parallax_content=&#8221;off&#8221; css=&#8221;.vc_custom_1605625892597{background-position: center !important;background-repeat: no-repeat !important;background-size: contain !important;}&#8221;][vc_column width=&#8221;1\/2&#8243;][vc_single_image image=&#8221;19336&#8243; img_size=&#8221;full&#8221; css=&#8221;&#8221;][\/vc_column][vc_column width=&#8221;1\/2&#8243;][vc_single_image image=&#8221;19338&#8243; img_size=&#8221;full&#8221; css=&#8221;&#8221;][\/vc_column][\/vc_row][vc_row parallax_content=&#8221;off&#8221; css=&#8221;.vc_custom_1605625892597{background-position: center !important;background-repeat: no-repeat !important;background-size: contain !important;}&#8221;][vc_column][vc_single_image image=&#8221;19340&#8243; img_size=&#8221;full&#8221; alignment=&#8221;center&#8221; css=&#8221;&#8221;][\/vc_column][\/vc_row]\n<\/div>","protected":false},"excerpt":{"rendered":"[vc_row css=&#8221;.vc_custom_1747129611373{margin-right: 5% !important;margin-left: 5% !important;padding-top: 5% !important;padding-bottom: 5% !important;}&#8221;][vc_column width=&#8221;1\/6&#8243;][\/vc_column][vc_column width=&#8221;2\/3&#8243;][vc_column_text css=&#8221;&#8221;] \u00a0\u00c1ngel Villena Residence [\/vc_column_text][vc_empty_space][vc_column_text css=&#8221;&#8221;] LY Estudio signs off on this contemporary-style residence located in Valencia\u2019s City of Arts and Sciences, where every detail has been conceived as an expression of character and sophistication. Noble materials set the tone: aged copper, wood [&#8230;]\n","protected":false},"author":1,"featured_media":0,"parent":21780,"menu_order":0,"comment_status":"closed","ping_status":"closed","template":"page-blank.php","meta":{"footnotes":""},"class_list":["post-21790","page","type-page","status-publish","hentry"],"yoast_head":"<!-- This site is optimized with the Yoast SEO plugin v26.8 - https:\/\/yoast.com\/product\/yoast-seo-wordpress\/ -->\n<title>\u00c1ngel Villena Residence &#8226; Estudio de Interiorismo en Valencia, Ibiza y Madrid. Laura Yerpes.<\/title>\n<meta name=\"robots\" content=\"index, follow, max-snippet:-1, max-image-preview:large, max-video-preview:-1\" \/>\n<link rel=\"canonical\" href=\"https:\/\/laurayerpes.com\/en\/interior-design-projects\/angel-villena-residence\/\" \/>\n<meta property=\"og:locale\" content=\"en_US\" \/>\n<meta property=\"og:type\" content=\"article\" \/>\n<meta property=\"og:title\" content=\"\u00c1ngel Villena Residence &#8226; Estudio de Interiorismo en Valencia, Ibiza y Madrid. Laura Yerpes.\" \/>\n<meta property=\"og:description\" content=\"[vc_row css=&#8221;.vc_custom_1747129611373{margin-right: 5% !important;margin-left: 5% !important;padding-top: 5% !important;padding-bottom: 5% !important;}&#8221;][vc_column width=&#8221;1\/6&#8243;][\/vc_column][vc_column width=&#8221;2\/3&#8243;][vc_column_text css=&#8221;&#8221;] \u00a0\u00c1ngel Villena Residence [\/vc_column_text][vc_empty_space][vc_column_text css=&#8221;&#8221;] LY Estudio signs off on this contemporary-style residence located in Valencia\u2019s City of Arts and Sciences, where every detail has been conceived as an expression of character and sophistication. Noble materials set the tone: aged copper, wood [...]\" \/>\n<meta property=\"og:url\" content=\"https:\/\/laurayerpes.com\/en\/interior-design-projects\/angel-villena-residence\/\" \/>\n<meta property=\"og:site_name\" content=\"Estudio de Interiorismo en Valencia, Ibiza y Madrid. Laura Yerpes.\" \/>\n<meta property=\"article:publisher\" content=\"https:\/\/www.facebook.com\/laurayerpesinteriorismo\" \/>\n<meta property=\"article:modified_time\" content=\"2025-09-08T12:09:30+00:00\" \/>\n<meta name=\"twitter:card\" content=\"summary_large_image\" \/>\n<meta name=\"twitter:label1\" content=\"Est. reading time\" \/>\n\t<meta name=\"twitter:data1\" content=\"2 minutes\" \/>\n<script type=\"application\/ld+json\" class=\"yoast-schema-graph\">{\"@context\":\"https:\/\/schema.org\",\"@graph\":[{\"@type\":\"WebPage\",\"@id\":\"https:\/\/laurayerpes.com\/en\/interior-design-projects\/angel-villena-residence\/\",\"url\":\"https:\/\/laurayerpes.com\/en\/interior-design-projects\/angel-villena-residence\/\",\"name\":\"\u00c1ngel Villena Residence &#8226; Estudio de Interiorismo en Valencia, Ibiza y Madrid. Laura Yerpes.\",\"isPartOf\":{\"@id\":\"https:\/\/laurayerpes.com\/en\/#website\"},\"datePublished\":\"2025-09-04T10:02:20+00:00\",\"dateModified\":\"2025-09-08T12:09:30+00:00\",\"breadcrumb\":{\"@id\":\"https:\/\/laurayerpes.com\/en\/interior-design-projects\/angel-villena-residence\/#breadcrumb\"},\"inLanguage\":\"en-US\",\"potentialAction\":[{\"@type\":\"ReadAction\",\"target\":[\"https:\/\/laurayerpes.com\/en\/interior-design-projects\/angel-villena-residence\/\"]}]},{\"@type\":\"BreadcrumbList\",\"@id\":\"https:\/\/laurayerpes.com\/en\/interior-design-projects\/angel-villena-residence\/#breadcrumb\",\"itemListElement\":[{\"@type\":\"ListItem\",\"position\":1,\"name\":\"Portada\",\"item\":\"https:\/\/laurayerpes.com\/en\/\"},{\"@type\":\"ListItem\",\"position\":2,\"name\":\"Interior Design Projects\",\"item\":\"https:\/\/laurayerpes.com\/en\/interior-design-projects\/\"},{\"@type\":\"ListItem\",\"position\":3,\"name\":\"\u00c1ngel Villena Residence\"}]},{\"@type\":\"WebSite\",\"@id\":\"https:\/\/laurayerpes.com\/en\/#website\",\"url\":\"https:\/\/laurayerpes.com\/en\/\",\"name\":\"L.Y. Estudio. Interiorismo y decoraci\u00f3n en Valencia.\",\"description\":\"Dise\u00f1o de interiores, arquitectura y decoraci\u00f3n en Valencia, Ibiza y Madrid.\",\"publisher\":{\"@id\":\"https:\/\/laurayerpes.com\/en\/#organization\"},\"potentialAction\":[{\"@type\":\"SearchAction\",\"target\":{\"@type\":\"EntryPoint\",\"urlTemplate\":\"https:\/\/laurayerpes.com\/en\/?s={search_term_string}\"},\"query-input\":{\"@type\":\"PropertyValueSpecification\",\"valueRequired\":true,\"valueName\":\"search_term_string\"}}],\"inLanguage\":\"en-US\"},{\"@type\":\"Organization\",\"@id\":\"https:\/\/laurayerpes.com\/en\/#organization\",\"name\":\"Dise\u00f1o de interiores y arquitectura en Valencia. LY Estudio.\",\"url\":\"https:\/\/laurayerpes.com\/en\/\",\"logo\":{\"@type\":\"ImageObject\",\"inLanguage\":\"en-US\",\"@id\":\"https:\/\/laurayerpes.com\/en\/#\/schema\/logo\/image\/\",\"url\":\"https:\/\/laurayerpes.com\/wp-content\/uploads\/2022\/08\/LY-BLANCO-copia-1.png\",\"contentUrl\":\"https:\/\/laurayerpes.com\/wp-content\/uploads\/2022\/08\/LY-BLANCO-copia-1.png\",\"width\":300,\"height\":274,\"caption\":\"Dise\u00f1o de interiores y arquitectura en Valencia. LY Estudio.\"},\"image\":{\"@id\":\"https:\/\/laurayerpes.com\/en\/#\/schema\/logo\/image\/\"},\"sameAs\":[\"https:\/\/www.facebook.com\/laurayerpesinteriorismo\",\"https:\/\/www.instagram.com\/laurayerpes_estudio\/\",\"https:\/\/www.linkedin.com\/company\/laura-yerpes\/\",\"https:\/\/www.pinterest.es\/laurayerpes\/\",\"https:\/\/www.youtube.com\/channel\/UCLha9ULlaWF_ViAX-35KvLQ\"]}]}<\/script>\n<!-- \/ Yoast SEO plugin. -->","yoast_head_json":{"title":"\u00c1ngel Villena Residence &#8226; Estudio de Interiorismo en Valencia, Ibiza y Madrid. Laura Yerpes.","robots":{"index":"index","follow":"follow","max-snippet":"max-snippet:-1","max-image-preview":"max-image-preview:large","max-video-preview":"max-video-preview:-1"},"canonical":"https:\/\/laurayerpes.com\/en\/interior-design-projects\/angel-villena-residence\/","og_locale":"en_US","og_type":"article","og_title":"\u00c1ngel Villena Residence &#8226; Estudio de Interiorismo en Valencia, Ibiza y Madrid. Laura Yerpes.","og_description":"[vc_row css=&#8221;.vc_custom_1747129611373{margin-right: 5% !important;margin-left: 5% !important;padding-top: 5% !important;padding-bottom: 5% !important;}&#8221;][vc_column width=&#8221;1\/6&#8243;][\/vc_column][vc_column width=&#8221;2\/3&#8243;][vc_column_text css=&#8221;&#8221;] \u00a0\u00c1ngel Villena Residence [\/vc_column_text][vc_empty_space][vc_column_text css=&#8221;&#8221;] LY Estudio signs off on this contemporary-style residence located in Valencia\u2019s City of Arts and Sciences, where every detail has been conceived as an expression of character and sophistication. Noble materials set the tone: aged copper, wood [...]","og_url":"https:\/\/laurayerpes.com\/en\/interior-design-projects\/angel-villena-residence\/","og_site_name":"Estudio de Interiorismo en Valencia, Ibiza y Madrid. Laura Yerpes.","article_publisher":"https:\/\/www.facebook.com\/laurayerpesinteriorismo","article_modified_time":"2025-09-08T12:09:30+00:00","twitter_card":"summary_large_image","twitter_misc":{"Est. reading time":"2 minutes"},"schema":{"@context":"https:\/\/schema.org","@graph":[{"@type":"WebPage","@id":"https:\/\/laurayerpes.com\/en\/interior-design-projects\/angel-villena-residence\/","url":"https:\/\/laurayerpes.com\/en\/interior-design-projects\/angel-villena-residence\/","name":"\u00c1ngel Villena Residence &#8226; Estudio de Interiorismo en Valencia, Ibiza y Madrid. Laura Yerpes.","isPartOf":{"@id":"https:\/\/laurayerpes.com\/en\/#website"},"datePublished":"2025-09-04T10:02:20+00:00","dateModified":"2025-09-08T12:09:30+00:00","breadcrumb":{"@id":"https:\/\/laurayerpes.com\/en\/interior-design-projects\/angel-villena-residence\/#breadcrumb"},"inLanguage":"en-US","potentialAction":[{"@type":"ReadAction","target":["https:\/\/laurayerpes.com\/en\/interior-design-projects\/angel-villena-residence\/"]}]},{"@type":"BreadcrumbList","@id":"https:\/\/laurayerpes.com\/en\/interior-design-projects\/angel-villena-residence\/#breadcrumb","itemListElement":[{"@type":"ListItem","position":1,"name":"Portada","item":"https:\/\/laurayerpes.com\/en\/"},{"@type":"ListItem","position":2,"name":"Interior Design Projects","item":"https:\/\/laurayerpes.com\/en\/interior-design-projects\/"},{"@type":"ListItem","position":3,"name":"\u00c1ngel Villena Residence"}]},{"@type":"WebSite","@id":"https:\/\/laurayerpes.com\/en\/#website","url":"https:\/\/laurayerpes.com\/en\/","name":"L.Y. Estudio. Interiorismo y decoraci\u00f3n en Valencia.","description":"Dise\u00f1o de interiores, arquitectura y decoraci\u00f3n en Valencia, Ibiza y Madrid.","publisher":{"@id":"https:\/\/laurayerpes.com\/en\/#organization"},"potentialAction":[{"@type":"SearchAction","target":{"@type":"EntryPoint","urlTemplate":"https:\/\/laurayerpes.com\/en\/?s={search_term_string}"},"query-input":{"@type":"PropertyValueSpecification","valueRequired":true,"valueName":"search_term_string"}}],"inLanguage":"en-US"},{"@type":"Organization","@id":"https:\/\/laurayerpes.com\/en\/#organization","name":"Dise\u00f1o de interiores y arquitectura en Valencia. LY Estudio.","url":"https:\/\/laurayerpes.com\/en\/","logo":{"@type":"ImageObject","inLanguage":"en-US","@id":"https:\/\/laurayerpes.com\/en\/#\/schema\/logo\/image\/","url":"https:\/\/laurayerpes.com\/wp-content\/uploads\/2022\/08\/LY-BLANCO-copia-1.png","contentUrl":"https:\/\/laurayerpes.com\/wp-content\/uploads\/2022\/08\/LY-BLANCO-copia-1.png","width":300,"height":274,"caption":"Dise\u00f1o de interiores y arquitectura en Valencia. LY Estudio."},"image":{"@id":"https:\/\/laurayerpes.com\/en\/#\/schema\/logo\/image\/"},"sameAs":["https:\/\/www.facebook.com\/laurayerpesinteriorismo","https:\/\/www.instagram.com\/laurayerpes_estudio\/","https:\/\/www.linkedin.com\/company\/laura-yerpes\/","https:\/\/www.pinterest.es\/laurayerpes\/","https:\/\/www.youtube.com\/channel\/UCLha9ULlaWF_ViAX-35KvLQ"]}]}},"_links":{"self":[{"href":"https:\/\/laurayerpes.com\/en\/wp-json\/wp\/v2\/pages\/21790","targetHints":{"allow":["GET"]}}],"collection":[{"href":"https:\/\/laurayerpes.com\/en\/wp-json\/wp\/v2\/pages"}],"about":[{"href":"https:\/\/laurayerpes.com\/en\/wp-json\/wp\/v2\/types\/page"}],"author":[{"embeddable":true,"href":"https:\/\/laurayerpes.com\/en\/wp-json\/wp\/v2\/users\/1"}],"replies":[{"embeddable":true,"href":"https:\/\/laurayerpes.com\/en\/wp-json\/wp\/v2\/comments?post=21790"}],"version-history":[{"count":2,"href":"https:\/\/laurayerpes.com\/en\/wp-json\/wp\/v2\/pages\/21790\/revisions"}],"predecessor-version":[{"id":21792,"href":"https:\/\/laurayerpes.com\/en\/wp-json\/wp\/v2\/pages\/21790\/revisions\/21792"}],"up":[{"embeddable":true,"href":"https:\/\/laurayerpes.com\/en\/wp-json\/wp\/v2\/pages\/21780"}],"wp:attachment":[{"href":"https:\/\/laurayerpes.com\/en\/wp-json\/wp\/v2\/media?parent=21790"}],"curies":[{"name":"wp","href":"https:\/\/api.w.org\/{rel}","templated":true}]}}