{"id":21820,"date":"2025-09-08T11:24:39","date_gmt":"2025-09-08T11:24:39","guid":{"rendered":"https:\/\/laurayerpes.com\/interior-design-projects\/clinica-forcada-clinica-de-cirugia-plastica-y-estetica-madrid-2024\/"},"modified":"2025-09-08T11:26:22","modified_gmt":"2025-09-08T11:26:22","slug":"forcada-clinic-plastic-and-aesthetic-surgery-clinic-madrid-2024","status":"publish","type":"page","link":"https:\/\/laurayerpes.com\/en\/interior-design-projects\/forcada-clinic-plastic-and-aesthetic-surgery-clinic-madrid-2024\/","title":{"rendered":"Forcada Clinic &#8211; Plastic and Aesthetic Surgery Clinic &#8211; Madrid 2024"},"content":{"rendered":"<div class=\"wpb-content-wrapper\">[vc_row css=&#8221;.vc_custom_1747129611373{margin-right: 5% !important;margin-left: 5% !important;padding-top: 5% !important;padding-bottom: 5% !important;}&#8221;][vc_column width=&#8221;1\/6&#8243;][\/vc_column][vc_column width=&#8221;2\/3&#8243;][vc_column_text css=&#8221;&#8221;]\n<h1 class=\"alt-font uppercase\" style=\"text-align: center;\"><span style=\"font-size: 0.4em; font-family: playfair-display;\">\u00a0FORCADA CLINIC &#8211; PLASTIC AND AESTHETIC SURGERY CLINIC &#8211; MADRID 2024<\/span><\/h1>\n[\/vc_column_text][vc_empty_space][vc_column_text css=&#8221;&#8221;]\n<p style=\"text-align: justify;\">A plastic surgery center turned into an experience, with interior design focused on health and well-being. Spaces are expanded through light and color, with details and finishes connected by white tones. Contemporary design creates a welcoming and modern space that reflects the clinic\u2019s core values: innovation, care, and commitment.<\/p>\n[\/vc_column_text][\/vc_column][vc_column width=&#8221;1\/6&#8243;][\/vc_column][\/vc_row][vc_row parallax_content=&#8221;off&#8221; css=&#8221;.vc_custom_1605625892597{background-position: center !important;background-repeat: no-repeat !important;background-size: contain !important;}&#8221;][vc_column][vc_single_image image=&#8221;19453&#8243; img_size=&#8221;full&#8221; alignment=&#8221;center&#8221; css=&#8221;&#8221;][\/vc_column][\/vc_row][vc_row parallax_content=&#8221;off&#8221; css=&#8221;.vc_custom_1605625892597{background-position: center !important;background-repeat: no-repeat !important;background-size: contain !important;}&#8221;][vc_column width=&#8221;1\/2&#8243;][vc_single_image image=&#8221;19455&#8243; img_size=&#8221;full&#8221; alignment=&#8221;right&#8221; css=&#8221;&#8221;][\/vc_column][vc_column width=&#8221;1\/2&#8243;][vc_single_image image=&#8221;19457&#8243; img_size=&#8221;full&#8221; css=&#8221;&#8221;][\/vc_column][\/vc_row][vc_row parallax_content=&#8221;off&#8221; css=&#8221;.vc_custom_1605625892597{background-position: center !important;background-repeat: no-repeat !important;background-size: contain !important;}&#8221;][vc_column][vc_single_image image=&#8221;19459&#8243; img_size=&#8221;full&#8221; alignment=&#8221;center&#8221; css=&#8221;&#8221;][\/vc_column][\/vc_row][vc_row parallax_content=&#8221;off&#8221; css=&#8221;.vc_custom_1605625892597{background-position: center !important;background-repeat: no-repeat !important;background-size: contain !important;}&#8221;][vc_column width=&#8221;1\/2&#8243;][vc_single_image image=&#8221;19461&#8243; img_size=&#8221;full&#8221; alignment=&#8221;right&#8221; css=&#8221;&#8221;][\/vc_column][vc_column width=&#8221;1\/2&#8243;][vc_single_image image=&#8221;19457&#8243; img_size=&#8221;full&#8221; css=&#8221;&#8221;][\/vc_column][\/vc_row][vc_row parallax_content=&#8221;off&#8221; css=&#8221;.vc_custom_1605625892597{background-position: center !important;background-repeat: no-repeat !important;background-size: contain !important;}&#8221;][vc_column][vc_single_image image=&#8221;19466&#8243; img_size=&#8221;full&#8221; alignment=&#8221;center&#8221; css=&#8221;&#8221;][\/vc_column][\/vc_row][vc_row parallax_content=&#8221;off&#8221; css=&#8221;.vc_custom_1605625892597{background-position: center !important;background-repeat: no-repeat !important;background-size: contain !important;}&#8221;][vc_column][vc_single_image image=&#8221;19468&#8243; img_size=&#8221;full&#8221; alignment=&#8221;center&#8221; css=&#8221;&#8221;][\/vc_column][\/vc_row][vc_row parallax_content=&#8221;off&#8221; css=&#8221;.vc_custom_1605625892597{background-position: center !important;background-repeat: no-repeat !important;background-size: contain !important;}&#8221;][vc_column width=&#8221;1\/2&#8243;][vc_single_image image=&#8221;19470&#8243; img_size=&#8221;full&#8221; alignment=&#8221;right&#8221; css=&#8221;&#8221;][\/vc_column][vc_column width=&#8221;1\/2&#8243;][vc_single_image image=&#8221;19472&#8243; img_size=&#8221;full&#8221; css=&#8221;&#8221;][\/vc_column][\/vc_row][vc_row parallax_content=&#8221;off&#8221; css=&#8221;.vc_custom_1605625892597{background-position: center !important;background-repeat: no-repeat !important;background-size: contain !important;}&#8221;][vc_column][vc_single_image image=&#8221;19474&#8243; img_size=&#8221;full&#8221; alignment=&#8221;center&#8221; css=&#8221;&#8221;][\/vc_column][\/vc_row][vc_row parallax_content=&#8221;off&#8221; css=&#8221;.vc_custom_1605625892597{background-position: center !important;background-repeat: no-repeat !important;background-size: contain !important;}&#8221;][vc_column][vc_single_image image=&#8221;19476&#8243; img_size=&#8221;full&#8221; alignment=&#8221;center&#8221; css=&#8221;&#8221;][\/vc_column][\/vc_row][vc_row parallax_content=&#8221;off&#8221; css=&#8221;.vc_custom_1605625892597{background-position: center !important;background-repeat: no-repeat !important;background-size: contain !important;}&#8221;][vc_column width=&#8221;1\/2&#8243;][vc_single_image image=&#8221;19480&#8243; img_size=&#8221;full&#8221; alignment=&#8221;right&#8221; css=&#8221;&#8221;][\/vc_column][vc_column width=&#8221;1\/2&#8243;][vc_single_image image=&#8221;19478&#8243; img_size=&#8221;full&#8221; css=&#8221;&#8221;][\/vc_column][\/vc_row]\n<\/div>","protected":false},"excerpt":{"rendered":"[vc_row css=&#8221;.vc_custom_1747129611373{margin-right: 5% !important;margin-left: 5% !important;padding-top: 5% !important;padding-bottom: 5% !important;}&#8221;][vc_column width=&#8221;1\/6&#8243;][\/vc_column][vc_column width=&#8221;2\/3&#8243;][vc_column_text css=&#8221;&#8221;] \u00a0FORCADA CLINIC &#8211; PLASTIC AND AESTHETIC SURGERY CLINIC &#8211; MADRID 2024 [\/vc_column_text][vc_empty_space][vc_column_text css=&#8221;&#8221;] A plastic surgery center turned into an experience, with interior design focused on health and well-being. Spaces are expanded through light and color, with details and finishes connected by [&#8230;]\n","protected":false},"author":1,"featured_media":0,"parent":21780,"menu_order":0,"comment_status":"closed","ping_status":"closed","template":"page-blank.php","meta":{"footnotes":""},"class_list":["post-21820","page","type-page","status-publish","hentry"],"yoast_head":"<!-- This site is optimized with the Yoast SEO plugin v26.8 - https:\/\/yoast.com\/product\/yoast-seo-wordpress\/ -->\n<title>Forcada Clinic - Plastic and Aesthetic Surgery Clinic - Madrid 2024 &#8226; Estudio de Interiorismo en Valencia, Ibiza y Madrid. Laura Yerpes.<\/title>\n<meta name=\"robots\" content=\"index, follow, max-snippet:-1, max-image-preview:large, max-video-preview:-1\" \/>\n<link rel=\"canonical\" href=\"https:\/\/laurayerpes.com\/en\/interior-design-projects\/forcada-clinic-plastic-and-aesthetic-surgery-clinic-madrid-2024\/\" \/>\n<meta property=\"og:locale\" content=\"en_US\" \/>\n<meta property=\"og:type\" content=\"article\" \/>\n<meta property=\"og:title\" content=\"Forcada Clinic - Plastic and Aesthetic Surgery Clinic - Madrid 2024 &#8226; Estudio de Interiorismo en Valencia, Ibiza y Madrid. Laura Yerpes.\" \/>\n<meta property=\"og:description\" content=\"[vc_row css=&#8221;.vc_custom_1747129611373{margin-right: 5% !important;margin-left: 5% !important;padding-top: 5% !important;padding-bottom: 5% !important;}&#8221;][vc_column width=&#8221;1\/6&#8243;][\/vc_column][vc_column width=&#8221;2\/3&#8243;][vc_column_text css=&#8221;&#8221;] \u00a0FORCADA CLINIC &#8211; PLASTIC AND AESTHETIC SURGERY CLINIC &#8211; MADRID 2024 [\/vc_column_text][vc_empty_space][vc_column_text css=&#8221;&#8221;] A plastic surgery center turned into an experience, with interior design focused on health and well-being. Spaces are expanded through light and color, with details and finishes connected by [...]\" \/>\n<meta property=\"og:url\" content=\"https:\/\/laurayerpes.com\/en\/interior-design-projects\/forcada-clinic-plastic-and-aesthetic-surgery-clinic-madrid-2024\/\" \/>\n<meta property=\"og:site_name\" content=\"Estudio de Interiorismo en Valencia, Ibiza y Madrid. Laura Yerpes.\" \/>\n<meta property=\"article:publisher\" content=\"https:\/\/www.facebook.com\/laurayerpesinteriorismo\" \/>\n<meta property=\"article:modified_time\" content=\"2025-09-08T11:26:22+00:00\" \/>\n<meta name=\"twitter:card\" content=\"summary_large_image\" \/>\n<meta name=\"twitter:label1\" content=\"Est. reading time\" \/>\n\t<meta name=\"twitter:data1\" content=\"1 minute\" \/>\n<script type=\"application\/ld+json\" class=\"yoast-schema-graph\">{\"@context\":\"https:\/\/schema.org\",\"@graph\":[{\"@type\":\"WebPage\",\"@id\":\"https:\/\/laurayerpes.com\/en\/interior-design-projects\/forcada-clinic-plastic-and-aesthetic-surgery-clinic-madrid-2024\/\",\"url\":\"https:\/\/laurayerpes.com\/en\/interior-design-projects\/forcada-clinic-plastic-and-aesthetic-surgery-clinic-madrid-2024\/\",\"name\":\"Forcada Clinic - Plastic and Aesthetic Surgery Clinic - Madrid 2024 &#8226; Estudio de Interiorismo en Valencia, Ibiza y Madrid. Laura Yerpes.\",\"isPartOf\":{\"@id\":\"https:\/\/laurayerpes.com\/en\/#website\"},\"datePublished\":\"2025-09-08T11:24:39+00:00\",\"dateModified\":\"2025-09-08T11:26:22+00:00\",\"breadcrumb\":{\"@id\":\"https:\/\/laurayerpes.com\/en\/interior-design-projects\/forcada-clinic-plastic-and-aesthetic-surgery-clinic-madrid-2024\/#breadcrumb\"},\"inLanguage\":\"en-US\",\"potentialAction\":[{\"@type\":\"ReadAction\",\"target\":[\"https:\/\/laurayerpes.com\/en\/interior-design-projects\/forcada-clinic-plastic-and-aesthetic-surgery-clinic-madrid-2024\/\"]}]},{\"@type\":\"BreadcrumbList\",\"@id\":\"https:\/\/laurayerpes.com\/en\/interior-design-projects\/forcada-clinic-plastic-and-aesthetic-surgery-clinic-madrid-2024\/#breadcrumb\",\"itemListElement\":[{\"@type\":\"ListItem\",\"position\":1,\"name\":\"Portada\",\"item\":\"https:\/\/laurayerpes.com\/en\/\"},{\"@type\":\"ListItem\",\"position\":2,\"name\":\"Interior Design Projects\",\"item\":\"https:\/\/laurayerpes.com\/en\/interior-design-projects\/\"},{\"@type\":\"ListItem\",\"position\":3,\"name\":\"Forcada Clinic &#8211; Plastic and Aesthetic Surgery Clinic &#8211; Madrid 2024\"}]},{\"@type\":\"WebSite\",\"@id\":\"https:\/\/laurayerpes.com\/en\/#website\",\"url\":\"https:\/\/laurayerpes.com\/en\/\",\"name\":\"L.Y. Estudio. Interiorismo y decoraci\u00f3n en Valencia.\",\"description\":\"Dise\u00f1o de interiores, arquitectura y decoraci\u00f3n en Valencia, Ibiza y Madrid.\",\"publisher\":{\"@id\":\"https:\/\/laurayerpes.com\/en\/#organization\"},\"potentialAction\":[{\"@type\":\"SearchAction\",\"target\":{\"@type\":\"EntryPoint\",\"urlTemplate\":\"https:\/\/laurayerpes.com\/en\/?s={search_term_string}\"},\"query-input\":{\"@type\":\"PropertyValueSpecification\",\"valueRequired\":true,\"valueName\":\"search_term_string\"}}],\"inLanguage\":\"en-US\"},{\"@type\":\"Organization\",\"@id\":\"https:\/\/laurayerpes.com\/en\/#organization\",\"name\":\"Dise\u00f1o de interiores y arquitectura en Valencia. LY Estudio.\",\"url\":\"https:\/\/laurayerpes.com\/en\/\",\"logo\":{\"@type\":\"ImageObject\",\"inLanguage\":\"en-US\",\"@id\":\"https:\/\/laurayerpes.com\/en\/#\/schema\/logo\/image\/\",\"url\":\"https:\/\/laurayerpes.com\/wp-content\/uploads\/2022\/08\/LY-BLANCO-copia-1.png\",\"contentUrl\":\"https:\/\/laurayerpes.com\/wp-content\/uploads\/2022\/08\/LY-BLANCO-copia-1.png\",\"width\":300,\"height\":274,\"caption\":\"Dise\u00f1o de interiores y arquitectura en Valencia. LY Estudio.\"},\"image\":{\"@id\":\"https:\/\/laurayerpes.com\/en\/#\/schema\/logo\/image\/\"},\"sameAs\":[\"https:\/\/www.facebook.com\/laurayerpesinteriorismo\",\"https:\/\/www.instagram.com\/laurayerpes_estudio\/\",\"https:\/\/www.linkedin.com\/company\/laura-yerpes\/\",\"https:\/\/www.pinterest.es\/laurayerpes\/\",\"https:\/\/www.youtube.com\/channel\/UCLha9ULlaWF_ViAX-35KvLQ\"]}]}<\/script>\n<!-- \/ Yoast SEO plugin. -->","yoast_head_json":{"title":"Forcada Clinic - Plastic and Aesthetic Surgery Clinic - Madrid 2024 &#8226; Estudio de Interiorismo en Valencia, Ibiza y Madrid. Laura Yerpes.","robots":{"index":"index","follow":"follow","max-snippet":"max-snippet:-1","max-image-preview":"max-image-preview:large","max-video-preview":"max-video-preview:-1"},"canonical":"https:\/\/laurayerpes.com\/en\/interior-design-projects\/forcada-clinic-plastic-and-aesthetic-surgery-clinic-madrid-2024\/","og_locale":"en_US","og_type":"article","og_title":"Forcada Clinic - Plastic and Aesthetic Surgery Clinic - Madrid 2024 &#8226; Estudio de Interiorismo en Valencia, Ibiza y Madrid. Laura Yerpes.","og_description":"[vc_row css=&#8221;.vc_custom_1747129611373{margin-right: 5% !important;margin-left: 5% !important;padding-top: 5% !important;padding-bottom: 5% !important;}&#8221;][vc_column width=&#8221;1\/6&#8243;][\/vc_column][vc_column width=&#8221;2\/3&#8243;][vc_column_text css=&#8221;&#8221;] \u00a0FORCADA CLINIC &#8211; PLASTIC AND AESTHETIC SURGERY CLINIC &#8211; MADRID 2024 [\/vc_column_text][vc_empty_space][vc_column_text css=&#8221;&#8221;] A plastic surgery center turned into an experience, with interior design focused on health and well-being. Spaces are expanded through light and color, with details and finishes connected by [...]","og_url":"https:\/\/laurayerpes.com\/en\/interior-design-projects\/forcada-clinic-plastic-and-aesthetic-surgery-clinic-madrid-2024\/","og_site_name":"Estudio de Interiorismo en Valencia, Ibiza y Madrid. Laura Yerpes.","article_publisher":"https:\/\/www.facebook.com\/laurayerpesinteriorismo","article_modified_time":"2025-09-08T11:26:22+00:00","twitter_card":"summary_large_image","twitter_misc":{"Est. reading time":"1 minute"},"schema":{"@context":"https:\/\/schema.org","@graph":[{"@type":"WebPage","@id":"https:\/\/laurayerpes.com\/en\/interior-design-projects\/forcada-clinic-plastic-and-aesthetic-surgery-clinic-madrid-2024\/","url":"https:\/\/laurayerpes.com\/en\/interior-design-projects\/forcada-clinic-plastic-and-aesthetic-surgery-clinic-madrid-2024\/","name":"Forcada Clinic - Plastic and Aesthetic Surgery Clinic - Madrid 2024 &#8226; Estudio de Interiorismo en Valencia, Ibiza y Madrid. Laura Yerpes.","isPartOf":{"@id":"https:\/\/laurayerpes.com\/en\/#website"},"datePublished":"2025-09-08T11:24:39+00:00","dateModified":"2025-09-08T11:26:22+00:00","breadcrumb":{"@id":"https:\/\/laurayerpes.com\/en\/interior-design-projects\/forcada-clinic-plastic-and-aesthetic-surgery-clinic-madrid-2024\/#breadcrumb"},"inLanguage":"en-US","potentialAction":[{"@type":"ReadAction","target":["https:\/\/laurayerpes.com\/en\/interior-design-projects\/forcada-clinic-plastic-and-aesthetic-surgery-clinic-madrid-2024\/"]}]},{"@type":"BreadcrumbList","@id":"https:\/\/laurayerpes.com\/en\/interior-design-projects\/forcada-clinic-plastic-and-aesthetic-surgery-clinic-madrid-2024\/#breadcrumb","itemListElement":[{"@type":"ListItem","position":1,"name":"Portada","item":"https:\/\/laurayerpes.com\/en\/"},{"@type":"ListItem","position":2,"name":"Interior Design Projects","item":"https:\/\/laurayerpes.com\/en\/interior-design-projects\/"},{"@type":"ListItem","position":3,"name":"Forcada Clinic &#8211; Plastic and Aesthetic Surgery Clinic &#8211; Madrid 2024"}]},{"@type":"WebSite","@id":"https:\/\/laurayerpes.com\/en\/#website","url":"https:\/\/laurayerpes.com\/en\/","name":"L.Y. Estudio. Interiorismo y decoraci\u00f3n en Valencia.","description":"Dise\u00f1o de interiores, arquitectura y decoraci\u00f3n en Valencia, Ibiza y Madrid.","publisher":{"@id":"https:\/\/laurayerpes.com\/en\/#organization"},"potentialAction":[{"@type":"SearchAction","target":{"@type":"EntryPoint","urlTemplate":"https:\/\/laurayerpes.com\/en\/?s={search_term_string}"},"query-input":{"@type":"PropertyValueSpecification","valueRequired":true,"valueName":"search_term_string"}}],"inLanguage":"en-US"},{"@type":"Organization","@id":"https:\/\/laurayerpes.com\/en\/#organization","name":"Dise\u00f1o de interiores y arquitectura en Valencia. LY Estudio.","url":"https:\/\/laurayerpes.com\/en\/","logo":{"@type":"ImageObject","inLanguage":"en-US","@id":"https:\/\/laurayerpes.com\/en\/#\/schema\/logo\/image\/","url":"https:\/\/laurayerpes.com\/wp-content\/uploads\/2022\/08\/LY-BLANCO-copia-1.png","contentUrl":"https:\/\/laurayerpes.com\/wp-content\/uploads\/2022\/08\/LY-BLANCO-copia-1.png","width":300,"height":274,"caption":"Dise\u00f1o de interiores y arquitectura en Valencia. LY Estudio."},"image":{"@id":"https:\/\/laurayerpes.com\/en\/#\/schema\/logo\/image\/"},"sameAs":["https:\/\/www.facebook.com\/laurayerpesinteriorismo","https:\/\/www.instagram.com\/laurayerpes_estudio\/","https:\/\/www.linkedin.com\/company\/laura-yerpes\/","https:\/\/www.pinterest.es\/laurayerpes\/","https:\/\/www.youtube.com\/channel\/UCLha9ULlaWF_ViAX-35KvLQ"]}]}},"_links":{"self":[{"href":"https:\/\/laurayerpes.com\/en\/wp-json\/wp\/v2\/pages\/21820","targetHints":{"allow":["GET"]}}],"collection":[{"href":"https:\/\/laurayerpes.com\/en\/wp-json\/wp\/v2\/pages"}],"about":[{"href":"https:\/\/laurayerpes.com\/en\/wp-json\/wp\/v2\/types\/page"}],"author":[{"embeddable":true,"href":"https:\/\/laurayerpes.com\/en\/wp-json\/wp\/v2\/users\/1"}],"replies":[{"embeddable":true,"href":"https:\/\/laurayerpes.com\/en\/wp-json\/wp\/v2\/comments?post=21820"}],"version-history":[{"count":3,"href":"https:\/\/laurayerpes.com\/en\/wp-json\/wp\/v2\/pages\/21820\/revisions"}],"predecessor-version":[{"id":21823,"href":"https:\/\/laurayerpes.com\/en\/wp-json\/wp\/v2\/pages\/21820\/revisions\/21823"}],"up":[{"embeddable":true,"href":"https:\/\/laurayerpes.com\/en\/wp-json\/wp\/v2\/pages\/21780"}],"wp:attachment":[{"href":"https:\/\/laurayerpes.com\/en\/wp-json\/wp\/v2\/media?parent=21820"}],"curies":[{"name":"wp","href":"https:\/\/api.w.org\/{rel}","templated":true}]}}