{"id":21837,"date":"2025-09-08T11:48:44","date_gmt":"2025-09-08T11:48:44","guid":{"rendered":"https:\/\/laurayerpes.com\/interior-design-projects\/colegio-mayor-minimalismo-con-esencia-oriental-madrid-2020\/"},"modified":"2025-09-08T11:49:42","modified_gmt":"2025-09-08T11:49:42","slug":"student-residence-minimalism-with-oriental-essence-madrid-2020","status":"publish","type":"page","link":"https:\/\/laurayerpes.com\/en\/interior-design-projects\/student-residence-minimalism-with-oriental-essence-madrid-2020\/","title":{"rendered":"Student Residence \u2013 Minimalism with Oriental Essence \u2013 Madrid 2020"},"content":{"rendered":"<div class=\"wpb-content-wrapper\">[vc_row css=&#8221;.vc_custom_1747129611373{margin-right: 5% !important;margin-left: 5% !important;padding-top: 5% !important;padding-bottom: 5% !important;}&#8221;][vc_column width=&#8221;1\/6&#8243;][\/vc_column][vc_column width=&#8221;2\/3&#8243;][vc_column_text css=&#8221;&#8221;]\n<h1 class=\"alt-font uppercase\" style=\"text-align: center;\"><span style=\"font-size: 0.4em; font-family: playfair-display;\">\u00a0STUDENT RESIDENCE \u2013 MINIMALISM WITH ORIENTAL ESSENCE \u2013 MADRID 2020<\/span><\/h1>\n[\/vc_column_text][vc_empty_space][vc_column_text css=&#8221;&#8221;]\n<p style=\"text-align: justify;\">Minimalist architecture and interior design with oriental touches for the public space of the Mendel University Student Residence. Stylized and balanced spaces crafted with wood materials, smoked glass panels, and panels covered in decorative stone-toned wallpapers. Walls decorated with a slatted wood system, high-quality upholstery combined with cool and warm tones, and carefully designed lighting.<\/p>\n[\/vc_column_text][\/vc_column][vc_column width=&#8221;1\/6&#8243;][\/vc_column][\/vc_row][vc_row parallax_content=&#8221;off&#8221; css=&#8221;.vc_custom_1605625892597{background-position: center !important;background-repeat: no-repeat !important;background-size: contain !important;}&#8221;][vc_column][vc_single_image image=&#8221;19580&#8243; img_size=&#8221;full&#8221; alignment=&#8221;center&#8221; css=&#8221;&#8221;][\/vc_column][\/vc_row][vc_row parallax_content=&#8221;off&#8221; css=&#8221;.vc_custom_1605625892597{background-position: center !important;background-repeat: no-repeat !important;background-size: contain !important;}&#8221;][vc_column width=&#8221;1\/2&#8243;][vc_single_image image=&#8221;19582&#8243; img_size=&#8221;full&#8221; css=&#8221;&#8221;][\/vc_column][vc_column width=&#8221;1\/2&#8243;][vc_single_image image=&#8221;19582&#8243; img_size=&#8221;full&#8221; alignment=&#8221;right&#8221; css=&#8221;&#8221;][\/vc_column][\/vc_row][vc_row parallax_content=&#8221;off&#8221; css=&#8221;.vc_custom_1605625892597{background-position: center !important;background-repeat: no-repeat !important;background-size: contain !important;}&#8221;][vc_column][vc_single_image image=&#8221;19586&#8243; img_size=&#8221;full&#8221; alignment=&#8221;center&#8221; css=&#8221;&#8221;][\/vc_column][\/vc_row][vc_row parallax_content=&#8221;off&#8221; css=&#8221;.vc_custom_1605625892597{background-position: center !important;background-repeat: no-repeat !important;background-size: contain !important;}&#8221;][vc_column][vc_single_image image=&#8221;19588&#8243; img_size=&#8221;full&#8221; alignment=&#8221;center&#8221; css=&#8221;&#8221;][\/vc_column][\/vc_row][vc_row parallax_content=&#8221;off&#8221; css=&#8221;.vc_custom_1605625892597{background-position: center !important;background-repeat: no-repeat !important;background-size: contain !important;}&#8221;][vc_column width=&#8221;1\/2&#8243;][vc_single_image image=&#8221;19590&#8243; img_size=&#8221;full&#8221; alignment=&#8221;right&#8221; css=&#8221;&#8221;][\/vc_column][vc_column width=&#8221;1\/2&#8243;][vc_single_image image=&#8221;19592&#8243; img_size=&#8221;full&#8221; css=&#8221;&#8221;][\/vc_column][\/vc_row][vc_row parallax_content=&#8221;off&#8221; css=&#8221;.vc_custom_1605625892597{background-position: center !important;background-repeat: no-repeat !important;background-size: contain !important;}&#8221;][vc_column][vc_single_image image=&#8221;19594&#8243; img_size=&#8221;full&#8221; alignment=&#8221;center&#8221; css=&#8221;&#8221;][\/vc_column][\/vc_row][vc_row parallax_content=&#8221;off&#8221; css=&#8221;.vc_custom_1605625892597{background-position: center !important;background-repeat: no-repeat !important;background-size: contain !important;}&#8221;][vc_column][vc_single_image image=&#8221;19596&#8243; img_size=&#8221;full&#8221; alignment=&#8221;center&#8221; css=&#8221;&#8221;][\/vc_column][\/vc_row]\n<\/div>","protected":false},"excerpt":{"rendered":"[vc_row css=&#8221;.vc_custom_1747129611373{margin-right: 5% !important;margin-left: 5% !important;padding-top: 5% !important;padding-bottom: 5% !important;}&#8221;][vc_column width=&#8221;1\/6&#8243;][\/vc_column][vc_column width=&#8221;2\/3&#8243;][vc_column_text css=&#8221;&#8221;] \u00a0STUDENT RESIDENCE \u2013 MINIMALISM WITH ORIENTAL ESSENCE \u2013 MADRID 2020 [\/vc_column_text][vc_empty_space][vc_column_text css=&#8221;&#8221;] Minimalist architecture and interior design with oriental touches for the public space of the Mendel University Student Residence. Stylized and balanced spaces crafted with wood materials, smoked glass panels, and [&#8230;]\n","protected":false},"author":1,"featured_media":0,"parent":21780,"menu_order":0,"comment_status":"closed","ping_status":"closed","template":"page-blank.php","meta":{"footnotes":""},"class_list":["post-21837","page","type-page","status-publish","hentry"],"yoast_head":"<!-- This site is optimized with the Yoast SEO plugin v26.8 - https:\/\/yoast.com\/product\/yoast-seo-wordpress\/ -->\n<title>Student Residence \u2013 Minimalism with Oriental Essence \u2013 Madrid 2020 &#8226; Estudio de Interiorismo en Valencia, Ibiza y Madrid. Laura Yerpes.<\/title>\n<meta name=\"robots\" content=\"index, follow, max-snippet:-1, max-image-preview:large, max-video-preview:-1\" \/>\n<link rel=\"canonical\" href=\"https:\/\/laurayerpes.com\/en\/interior-design-projects\/student-residence-minimalism-with-oriental-essence-madrid-2020\/\" \/>\n<meta property=\"og:locale\" content=\"en_US\" \/>\n<meta property=\"og:type\" content=\"article\" \/>\n<meta property=\"og:title\" content=\"Student Residence \u2013 Minimalism with Oriental Essence \u2013 Madrid 2020 &#8226; Estudio de Interiorismo en Valencia, Ibiza y Madrid. Laura Yerpes.\" \/>\n<meta property=\"og:description\" content=\"[vc_row css=&#8221;.vc_custom_1747129611373{margin-right: 5% !important;margin-left: 5% !important;padding-top: 5% !important;padding-bottom: 5% !important;}&#8221;][vc_column width=&#8221;1\/6&#8243;][\/vc_column][vc_column width=&#8221;2\/3&#8243;][vc_column_text css=&#8221;&#8221;] \u00a0STUDENT RESIDENCE \u2013 MINIMALISM WITH ORIENTAL ESSENCE \u2013 MADRID 2020 [\/vc_column_text][vc_empty_space][vc_column_text css=&#8221;&#8221;] Minimalist architecture and interior design with oriental touches for the public space of the Mendel University Student Residence. Stylized and balanced spaces crafted with wood materials, smoked glass panels, and [...]\" \/>\n<meta property=\"og:url\" content=\"https:\/\/laurayerpes.com\/en\/interior-design-projects\/student-residence-minimalism-with-oriental-essence-madrid-2020\/\" \/>\n<meta property=\"og:site_name\" content=\"Estudio de Interiorismo en Valencia, Ibiza y Madrid. Laura Yerpes.\" \/>\n<meta property=\"article:publisher\" content=\"https:\/\/www.facebook.com\/laurayerpesinteriorismo\" \/>\n<meta property=\"article:modified_time\" content=\"2025-09-08T11:49:42+00:00\" \/>\n<meta name=\"twitter:card\" content=\"summary_large_image\" \/>\n<meta name=\"twitter:label1\" content=\"Est. reading time\" \/>\n\t<meta name=\"twitter:data1\" content=\"1 minute\" \/>\n<script type=\"application\/ld+json\" class=\"yoast-schema-graph\">{\"@context\":\"https:\/\/schema.org\",\"@graph\":[{\"@type\":\"WebPage\",\"@id\":\"https:\/\/laurayerpes.com\/en\/interior-design-projects\/student-residence-minimalism-with-oriental-essence-madrid-2020\/\",\"url\":\"https:\/\/laurayerpes.com\/en\/interior-design-projects\/student-residence-minimalism-with-oriental-essence-madrid-2020\/\",\"name\":\"Student Residence \u2013 Minimalism with Oriental Essence \u2013 Madrid 2020 &#8226; Estudio de Interiorismo en Valencia, Ibiza y Madrid. Laura Yerpes.\",\"isPartOf\":{\"@id\":\"https:\/\/laurayerpes.com\/en\/#website\"},\"datePublished\":\"2025-09-08T11:48:44+00:00\",\"dateModified\":\"2025-09-08T11:49:42+00:00\",\"breadcrumb\":{\"@id\":\"https:\/\/laurayerpes.com\/en\/interior-design-projects\/student-residence-minimalism-with-oriental-essence-madrid-2020\/#breadcrumb\"},\"inLanguage\":\"en-US\",\"potentialAction\":[{\"@type\":\"ReadAction\",\"target\":[\"https:\/\/laurayerpes.com\/en\/interior-design-projects\/student-residence-minimalism-with-oriental-essence-madrid-2020\/\"]}]},{\"@type\":\"BreadcrumbList\",\"@id\":\"https:\/\/laurayerpes.com\/en\/interior-design-projects\/student-residence-minimalism-with-oriental-essence-madrid-2020\/#breadcrumb\",\"itemListElement\":[{\"@type\":\"ListItem\",\"position\":1,\"name\":\"Portada\",\"item\":\"https:\/\/laurayerpes.com\/en\/\"},{\"@type\":\"ListItem\",\"position\":2,\"name\":\"Interior Design Projects\",\"item\":\"https:\/\/laurayerpes.com\/en\/interior-design-projects\/\"},{\"@type\":\"ListItem\",\"position\":3,\"name\":\"Student Residence \u2013 Minimalism with Oriental Essence \u2013 Madrid 2020\"}]},{\"@type\":\"WebSite\",\"@id\":\"https:\/\/laurayerpes.com\/en\/#website\",\"url\":\"https:\/\/laurayerpes.com\/en\/\",\"name\":\"L.Y. Estudio. Interiorismo y decoraci\u00f3n en Valencia.\",\"description\":\"Dise\u00f1o de interiores, arquitectura y decoraci\u00f3n en Valencia, Ibiza y Madrid.\",\"publisher\":{\"@id\":\"https:\/\/laurayerpes.com\/en\/#organization\"},\"potentialAction\":[{\"@type\":\"SearchAction\",\"target\":{\"@type\":\"EntryPoint\",\"urlTemplate\":\"https:\/\/laurayerpes.com\/en\/?s={search_term_string}\"},\"query-input\":{\"@type\":\"PropertyValueSpecification\",\"valueRequired\":true,\"valueName\":\"search_term_string\"}}],\"inLanguage\":\"en-US\"},{\"@type\":\"Organization\",\"@id\":\"https:\/\/laurayerpes.com\/en\/#organization\",\"name\":\"Dise\u00f1o de interiores y arquitectura en Valencia. LY Estudio.\",\"url\":\"https:\/\/laurayerpes.com\/en\/\",\"logo\":{\"@type\":\"ImageObject\",\"inLanguage\":\"en-US\",\"@id\":\"https:\/\/laurayerpes.com\/en\/#\/schema\/logo\/image\/\",\"url\":\"https:\/\/laurayerpes.com\/wp-content\/uploads\/2022\/08\/LY-BLANCO-copia-1.png\",\"contentUrl\":\"https:\/\/laurayerpes.com\/wp-content\/uploads\/2022\/08\/LY-BLANCO-copia-1.png\",\"width\":300,\"height\":274,\"caption\":\"Dise\u00f1o de interiores y arquitectura en Valencia. LY Estudio.\"},\"image\":{\"@id\":\"https:\/\/laurayerpes.com\/en\/#\/schema\/logo\/image\/\"},\"sameAs\":[\"https:\/\/www.facebook.com\/laurayerpesinteriorismo\",\"https:\/\/www.instagram.com\/laurayerpes_estudio\/\",\"https:\/\/www.linkedin.com\/company\/laura-yerpes\/\",\"https:\/\/www.pinterest.es\/laurayerpes\/\",\"https:\/\/www.youtube.com\/channel\/UCLha9ULlaWF_ViAX-35KvLQ\"]}]}<\/script>\n<!-- \/ Yoast SEO plugin. -->","yoast_head_json":{"title":"Student Residence \u2013 Minimalism with Oriental Essence \u2013 Madrid 2020 &#8226; Estudio de Interiorismo en Valencia, Ibiza y Madrid. Laura Yerpes.","robots":{"index":"index","follow":"follow","max-snippet":"max-snippet:-1","max-image-preview":"max-image-preview:large","max-video-preview":"max-video-preview:-1"},"canonical":"https:\/\/laurayerpes.com\/en\/interior-design-projects\/student-residence-minimalism-with-oriental-essence-madrid-2020\/","og_locale":"en_US","og_type":"article","og_title":"Student Residence \u2013 Minimalism with Oriental Essence \u2013 Madrid 2020 &#8226; Estudio de Interiorismo en Valencia, Ibiza y Madrid. Laura Yerpes.","og_description":"[vc_row css=&#8221;.vc_custom_1747129611373{margin-right: 5% !important;margin-left: 5% !important;padding-top: 5% !important;padding-bottom: 5% !important;}&#8221;][vc_column width=&#8221;1\/6&#8243;][\/vc_column][vc_column width=&#8221;2\/3&#8243;][vc_column_text css=&#8221;&#8221;] \u00a0STUDENT RESIDENCE \u2013 MINIMALISM WITH ORIENTAL ESSENCE \u2013 MADRID 2020 [\/vc_column_text][vc_empty_space][vc_column_text css=&#8221;&#8221;] Minimalist architecture and interior design with oriental touches for the public space of the Mendel University Student Residence. Stylized and balanced spaces crafted with wood materials, smoked glass panels, and [...]","og_url":"https:\/\/laurayerpes.com\/en\/interior-design-projects\/student-residence-minimalism-with-oriental-essence-madrid-2020\/","og_site_name":"Estudio de Interiorismo en Valencia, Ibiza y Madrid. Laura Yerpes.","article_publisher":"https:\/\/www.facebook.com\/laurayerpesinteriorismo","article_modified_time":"2025-09-08T11:49:42+00:00","twitter_card":"summary_large_image","twitter_misc":{"Est. reading time":"1 minute"},"schema":{"@context":"https:\/\/schema.org","@graph":[{"@type":"WebPage","@id":"https:\/\/laurayerpes.com\/en\/interior-design-projects\/student-residence-minimalism-with-oriental-essence-madrid-2020\/","url":"https:\/\/laurayerpes.com\/en\/interior-design-projects\/student-residence-minimalism-with-oriental-essence-madrid-2020\/","name":"Student Residence \u2013 Minimalism with Oriental Essence \u2013 Madrid 2020 &#8226; Estudio de Interiorismo en Valencia, Ibiza y Madrid. Laura Yerpes.","isPartOf":{"@id":"https:\/\/laurayerpes.com\/en\/#website"},"datePublished":"2025-09-08T11:48:44+00:00","dateModified":"2025-09-08T11:49:42+00:00","breadcrumb":{"@id":"https:\/\/laurayerpes.com\/en\/interior-design-projects\/student-residence-minimalism-with-oriental-essence-madrid-2020\/#breadcrumb"},"inLanguage":"en-US","potentialAction":[{"@type":"ReadAction","target":["https:\/\/laurayerpes.com\/en\/interior-design-projects\/student-residence-minimalism-with-oriental-essence-madrid-2020\/"]}]},{"@type":"BreadcrumbList","@id":"https:\/\/laurayerpes.com\/en\/interior-design-projects\/student-residence-minimalism-with-oriental-essence-madrid-2020\/#breadcrumb","itemListElement":[{"@type":"ListItem","position":1,"name":"Portada","item":"https:\/\/laurayerpes.com\/en\/"},{"@type":"ListItem","position":2,"name":"Interior Design Projects","item":"https:\/\/laurayerpes.com\/en\/interior-design-projects\/"},{"@type":"ListItem","position":3,"name":"Student Residence \u2013 Minimalism with Oriental Essence \u2013 Madrid 2020"}]},{"@type":"WebSite","@id":"https:\/\/laurayerpes.com\/en\/#website","url":"https:\/\/laurayerpes.com\/en\/","name":"L.Y. Estudio. Interiorismo y decoraci\u00f3n en Valencia.","description":"Dise\u00f1o de interiores, arquitectura y decoraci\u00f3n en Valencia, Ibiza y Madrid.","publisher":{"@id":"https:\/\/laurayerpes.com\/en\/#organization"},"potentialAction":[{"@type":"SearchAction","target":{"@type":"EntryPoint","urlTemplate":"https:\/\/laurayerpes.com\/en\/?s={search_term_string}"},"query-input":{"@type":"PropertyValueSpecification","valueRequired":true,"valueName":"search_term_string"}}],"inLanguage":"en-US"},{"@type":"Organization","@id":"https:\/\/laurayerpes.com\/en\/#organization","name":"Dise\u00f1o de interiores y arquitectura en Valencia. LY Estudio.","url":"https:\/\/laurayerpes.com\/en\/","logo":{"@type":"ImageObject","inLanguage":"en-US","@id":"https:\/\/laurayerpes.com\/en\/#\/schema\/logo\/image\/","url":"https:\/\/laurayerpes.com\/wp-content\/uploads\/2022\/08\/LY-BLANCO-copia-1.png","contentUrl":"https:\/\/laurayerpes.com\/wp-content\/uploads\/2022\/08\/LY-BLANCO-copia-1.png","width":300,"height":274,"caption":"Dise\u00f1o de interiores y arquitectura en Valencia. LY Estudio."},"image":{"@id":"https:\/\/laurayerpes.com\/en\/#\/schema\/logo\/image\/"},"sameAs":["https:\/\/www.facebook.com\/laurayerpesinteriorismo","https:\/\/www.instagram.com\/laurayerpes_estudio\/","https:\/\/www.linkedin.com\/company\/laura-yerpes\/","https:\/\/www.pinterest.es\/laurayerpes\/","https:\/\/www.youtube.com\/channel\/UCLha9ULlaWF_ViAX-35KvLQ"]}]}},"_links":{"self":[{"href":"https:\/\/laurayerpes.com\/en\/wp-json\/wp\/v2\/pages\/21837","targetHints":{"allow":["GET"]}}],"collection":[{"href":"https:\/\/laurayerpes.com\/en\/wp-json\/wp\/v2\/pages"}],"about":[{"href":"https:\/\/laurayerpes.com\/en\/wp-json\/wp\/v2\/types\/page"}],"author":[{"embeddable":true,"href":"https:\/\/laurayerpes.com\/en\/wp-json\/wp\/v2\/users\/1"}],"replies":[{"embeddable":true,"href":"https:\/\/laurayerpes.com\/en\/wp-json\/wp\/v2\/comments?post=21837"}],"version-history":[{"count":2,"href":"https:\/\/laurayerpes.com\/en\/wp-json\/wp\/v2\/pages\/21837\/revisions"}],"predecessor-version":[{"id":21863,"href":"https:\/\/laurayerpes.com\/en\/wp-json\/wp\/v2\/pages\/21837\/revisions\/21863"}],"up":[{"embeddable":true,"href":"https:\/\/laurayerpes.com\/en\/wp-json\/wp\/v2\/pages\/21780"}],"wp:attachment":[{"href":"https:\/\/laurayerpes.com\/en\/wp-json\/wp\/v2\/media?parent=21837"}],"curies":[{"name":"wp","href":"https:\/\/api.w.org\/{rel}","templated":true}]}}